{"id":2707,"date":"2019-09-06T11:55:55","date_gmt":"2019-09-06T09:55:55","guid":{"rendered":"https:\/\/www.byko.es\/politica-de-cookies\/"},"modified":"2024-06-17T15:28:49","modified_gmt":"2024-06-17T13:28:49","slug":"politica-de-cookies","status":"publish","type":"page","link":"https:\/\/www.byko.es\/es\/politica-de-cookies\/","title":{"rendered":"Pol\u00edtica de cookies"},"content":{"rendered":"\t\t<div data-elementor-type=\"wp-page\" data-elementor-id=\"2707\" class=\"elementor elementor-2707 elementor-2249\" data-elementor-post-type=\"page\">\n\t\t\t\t\t\t<section class=\"elementor-section elementor-top-section elementor-element elementor-element-15b5761 elementor-section-content-middle elementor-section-boxed elementor-section-height-default elementor-section-height-default\" data-id=\"15b5761\" data-element_type=\"section\" data-e-type=\"section\" data-settings=\"{&quot;background_background&quot;:&quot;classic&quot;,&quot;jet_parallax_layout_list&quot;:[{&quot;jet_parallax_layout_image&quot;:{&quot;url&quot;:&quot;&quot;,&quot;id&quot;:&quot;&quot;,&quot;size&quot;:&quot;&quot;},&quot;_id&quot;:&quot;384c6b3&quot;,&quot;jet_parallax_layout_speed&quot;:{&quot;unit&quot;:&quot;%&quot;,&quot;size&quot;:50,&quot;sizes&quot;:[]},&quot;jet_parallax_layout_image_tablet&quot;:{&quot;url&quot;:&quot;&quot;,&quot;id&quot;:&quot;&quot;,&quot;size&quot;:&quot;&quot;},&quot;jet_parallax_layout_image_mobile&quot;:{&quot;url&quot;:&quot;&quot;,&quot;id&quot;:&quot;&quot;,&quot;size&quot;:&quot;&quot;},&quot;jet_parallax_layout_type&quot;:&quot;scroll&quot;,&quot;jet_parallax_layout_direction&quot;:&quot;1&quot;,&quot;jet_parallax_layout_fx_direction&quot;:null,&quot;jet_parallax_layout_z_index&quot;:&quot;&quot;,&quot;jet_parallax_layout_bg_x&quot;:50,&quot;jet_parallax_layout_bg_x_tablet&quot;:&quot;&quot;,&quot;jet_parallax_layout_bg_x_mobile&quot;:&quot;&quot;,&quot;jet_parallax_layout_bg_y&quot;:50,&quot;jet_parallax_layout_bg_y_tablet&quot;:&quot;&quot;,&quot;jet_parallax_layout_bg_y_mobile&quot;:&quot;&quot;,&quot;jet_parallax_layout_bg_size&quot;:&quot;auto&quot;,&quot;jet_parallax_layout_bg_size_tablet&quot;:&quot;&quot;,&quot;jet_parallax_layout_bg_size_mobile&quot;:&quot;&quot;,&quot;jet_parallax_layout_animation_prop&quot;:&quot;transform&quot;,&quot;jet_parallax_layout_on&quot;:[&quot;desktop&quot;,&quot;tablet&quot;]}]}\">\n\t\t\t\t\t\t\t<div class=\"elementor-background-overlay\"><\/div>\n\t\t\t\t\t\t\t<div class=\"elementor-container elementor-column-gap-no\">\n\t\t\t\t\t<div class=\"elementor-column elementor-col-100 elementor-top-column elementor-element elementor-element-ea8c393\" data-id=\"ea8c393\" data-element_type=\"column\" data-e-type=\"column\">\n\t\t\t<div class=\"elementor-widget-wrap elementor-element-populated\">\n\t\t\t\t\t\t\t<\/div>\n\t\t<\/div>\n\t\t\t\t\t<\/div>\n\t\t<\/section>\n\t\t\t\t<section class=\"elementor-section elementor-top-section elementor-element elementor-element-1298c151 elementor-section-boxed elementor-section-height-default elementor-section-height-default\" data-id=\"1298c151\" data-element_type=\"section\" data-e-type=\"section\" data-settings=\"{&quot;jet_parallax_layout_list&quot;:[{&quot;jet_parallax_layout_image&quot;:{&quot;url&quot;:&quot;&quot;,&quot;id&quot;:&quot;&quot;,&quot;size&quot;:&quot;&quot;},&quot;_id&quot;:&quot;1359603&quot;,&quot;jet_parallax_layout_image_tablet&quot;:{&quot;url&quot;:&quot;&quot;,&quot;id&quot;:&quot;&quot;,&quot;size&quot;:&quot;&quot;},&quot;jet_parallax_layout_image_mobile&quot;:{&quot;url&quot;:&quot;&quot;,&quot;id&quot;:&quot;&quot;,&quot;size&quot;:&quot;&quot;},&quot;jet_parallax_layout_speed&quot;:{&quot;unit&quot;:&quot;%&quot;,&quot;size&quot;:50,&quot;sizes&quot;:[]},&quot;jet_parallax_layout_type&quot;:&quot;scroll&quot;,&quot;jet_parallax_layout_direction&quot;:&quot;1&quot;,&quot;jet_parallax_layout_fx_direction&quot;:null,&quot;jet_parallax_layout_z_index&quot;:&quot;&quot;,&quot;jet_parallax_layout_bg_x&quot;:50,&quot;jet_parallax_layout_bg_x_tablet&quot;:&quot;&quot;,&quot;jet_parallax_layout_bg_x_mobile&quot;:&quot;&quot;,&quot;jet_parallax_layout_bg_y&quot;:50,&quot;jet_parallax_layout_bg_y_tablet&quot;:&quot;&quot;,&quot;jet_parallax_layout_bg_y_mobile&quot;:&quot;&quot;,&quot;jet_parallax_layout_bg_size&quot;:&quot;auto&quot;,&quot;jet_parallax_layout_bg_size_tablet&quot;:&quot;&quot;,&quot;jet_parallax_layout_bg_size_mobile&quot;:&quot;&quot;,&quot;jet_parallax_layout_animation_prop&quot;:&quot;transform&quot;,&quot;jet_parallax_layout_on&quot;:[&quot;desktop&quot;,&quot;tablet&quot;]}]}\">\n\t\t\t\t\t\t<div class=\"elementor-container elementor-column-gap-default\">\n\t\t\t\t\t<div class=\"elementor-column elementor-col-100 elementor-top-column elementor-element elementor-element-5fd3f3a8\" data-id=\"5fd3f3a8\" data-element_type=\"column\" data-e-type=\"column\">\n\t\t\t<div class=\"elementor-widget-wrap elementor-element-populated\">\n\t\t\t\t\t\t<div class=\"elementor-element elementor-element-43d866a8 elementor-widget elementor-widget-text-editor\" data-id=\"43d866a8\" data-element_type=\"widget\" data-e-type=\"widget\" data-widget_type=\"text-editor.default\">\n\t\t\t\t<div class=\"elementor-widget-container\">\n\t\t\t\t\t\t\t\t\t<h4><strong>INFORMACI\u00d3N SOBRE LAS <em>COOKIES<\/em><\/strong><\/h4>\n<div>\n\nDada la entrada en vigor de la referente modificaci\u00f3n de la \u00abLey de Servicios de la Sociedad de la Informaci\u00f3n\u00bb (LSSICE) establecida por el Real Decreto 13\/2012, es obligado obtener el consentimiento expreso del usuario de todas las p\u00e1ginas web que usan cookies prescindibles, antes de que \u00e9ste navegue por ellas.\n\n<\/div>\n<h4><strong>\u00bfQU\u00c9 SON LAS <em>COOKIES<\/em>?<\/strong><\/h4>\nLas cookies y otras tecnolog\u00edas similares como local <em>shared objects, flash cookies<\/em> o p\u00edxeles, son herramientas empleadas por los servidores web para almacenar y recuperar informaci\u00f3n sobre sus visitantes, as\u00ed como para ofrecer un correcto funcionamiento del sitio.\nMediante el uso de estos dispositivos se permite al servidor web recordar algunos datos referentes al usuario, como sus preferencias para la visualizaci\u00f3n de las p\u00e1ginas de este servidor, nombre y contrase\u00f1a, productos que m\u00e1s le interesan, etc.\n\n&nbsp;\n<h4><strong>COOKIES AFECTADAS POR LA NORMATIVA Y COOKIES EXCEPTUADAS<\/strong><\/h4>\n<div>\n\nSeg\u00fan la directiva de la UE, las cookies que requieren el consentimiento informado por parte del usuario son las cookies de anal\u00edtica y las de publicidad y afiliaci\u00f3n, quedando exceptuadas las de car\u00e1cter t\u00e9cnico y las necesarias para el funcionamiento del sitio web o la prestaci\u00f3n de servicios expresamente solicitados por el usuario.\n\n<\/div>\n<h4><strong>\u00bfQU\u00c9 TIPO DE <em>COOKIES <\/em>EXISTEN?<\/strong><\/h4>\n<div>  Sobre los tipos de cookies, hay cinco grandes grupos:<\/div>\n<ul>\n \t<li><em>Cookies <\/em>anal\u00edticas: recogen informaci\u00f3n del uso que se realiza del sitio web.<\/li>\n \t<li><em>Cookies<\/em> sociales: son aquellas necesarias para redes sociales externas.<\/li>\n \t<li> <em>Cookies<\/em> de afiliados: permiten hacer un seguimiento de las visitas procedentes de otras webs, con las que el sitio web establece un contrato de afiliaci\u00f3n (empresas de afiliaci\u00f3n).<\/li>\n \t<li><em>Cookies<\/em> de publicidad y comportamentales: recogen informaci\u00f3n sobre las preferencias y elecciones personales del usuario (retargeting).<\/li>\n \t<li><em>Cookies<\/em> t\u00e9cnicas y funcionales: son las estrictamente necesarias para el uso del sitio web y para la prestaci\u00f3n del servicio contratado.<\/li>\n<\/ul>\n<h4><strong><em>COOKIES <\/em>QUE SE UTILIZAN EN ESTE SITIO WEB<\/strong><\/h4>\nSi dejas un comentario en nuestro sitio web puedes elegir guardar tu nombre, tu direcci\u00f3n de correo electr\u00f3nico y web en cookies. Esto es para tu comodidad, para que no tengas que volver a rellenar tus datos cuando dejes otro comentario. Estas cookies tendr\u00e1n una duraci\u00f3n de un a\u00f1o.\n\nSi tienes una cuenta y te conectas a este sitio, instalaremos una cookie temporal para determinar si tu navegador acepta cookies. Esta cookie no contiene datos personales y se elimina al cerrar el navegador.\n\nCuando inicias sesi\u00f3n, tambi\u00e9n instalaremos m\u00e1s cookies para guardar tu informaci\u00f3n de inicio de sesi\u00f3n y tus opciones de visualizaci\u00f3n de pantalla. Las cookies de inicio de sesi\u00f3n duran dos d\u00edas, y las cookies de opciones de pantalla duran un a\u00f1o. Si seleccionas \u00abRecordarme\u00bb, tu inicio de sesi\u00f3n perdurar\u00e1 durante dos semanas. Si sales de tu cuenta, las cookies de inicio de sesi\u00f3n se eliminar\u00e1n.\n\nSi editas o publicas un art\u00edculo se guardar\u00e1 una galleta adicional a tu navegador. Esta galleta no incluye datos personales y simplemente indica el ID del art\u00edculo que acabas de editar. Caduca despu\u00e9s de 1 d\u00eda.\n\n&nbsp;\n<h4><strong>REVOCACI\u00d3N DEL CONSENTIMIENTO PARA INSTALAR LAR COOKIES<\/strong><\/h4>\n<h5><strong>C\u00d3MO ELIMINAR LAS COOKIES DEL NAVEGADOR<\/strong><\/h5>\n<div><strong>Chrome<\/strong><\/div>\n<ol>\n \t<li>Selecciona el icono de Herramientas<\/li>\n \t<li>Haz clic en la Configuraci\u00f3n.<\/li>\n \t<li>Haz clic en Mostrar Opciones Avanzadas.<\/li>\n \t<li>En la secci\u00f3n \u00abPrivacidad\u00bb haz clic en Configuraci\u00f3n de contenido.\n<ul>\n \t<li>Eliminar cookies: Haz clic en Todas las cookies y los datos de sitios&#8230;<\/li>\n \t<li>No permitir que se almacenen cookies.<\/li>\n<\/ul>\n<\/li>\n \t<li>Haz clic en Eliminar los datos de navegaci\u00f3n (borrar la memoria cae).<\/li>\n \t<li>Cierra y reinicia el navegador. Para m\u00e1s informaci\u00f3n sobre Chrome prende aqu\u00ed: <a href=\"http:\/\/support.google.com\/chrome\/answer\/95647?hl=es\">http:\/\/support.google.com\/chrome\/answer\/95647?hl=es<\/a><\/li>\n<\/ol>\n<strong>Internet Explorer. Versi\u00f3n 11<\/strong>\n<ol>\n \t<li>Selecciona lEines| Opciones de Internet.<\/li>\n \t<li>Haz clic en la ficha General.<\/li>\n \t<li>En la secci\u00f3n \u00abHistorial de exploraci\u00f3n\u00bb, haz clic en Eliminar el historial de exploraci\u00f3n al salir.<\/li>\n \t<li>Selecciona Eliminar archius.<\/li>\n \t<li>Selecciona Eliminar cookies.<\/li>\n \t<li>Haz clic encima de Eliminar.<\/li>\n \t<li>Haz clic encima de Aceptar.<\/li>\n \t<li>Cierra y reinicia el navegador.<\/li>\n<\/ol>\n<div>Para m\u00e1s informaci\u00f3n sobre Internet Explorer prende aqu\u00ed: <a href=\"https:\/\/support.microsoft.com\/es-es\/kb\/278835\">https:\/\/support.microsoft.com\/es-es\/kb\/278835<\/a><\/div>\n<div><\/div>\n<div><strong>Firefox. Versi\u00f3n 18<\/strong><\/div>\n<ol>\n \t<li>Selecciona Firefox | Historial | Limpiar el historial reciente.<\/li>\n \t<li>Junto a \u00abDetalles\u00bb, haz clic en la flecha de abajo.<\/li>\n \t<li>Selecciona las siguientes casillas de verificaci\u00f3n: Cookies, Memoria cae, Inicios de sesi\u00f3n activas<\/li>\n \t<li>Usando el \u00abIntervalo de tiempo para borrar\u00bb en el men\u00fa desplegable, selecciona \u00abTodo\u00bb.<\/li>\n \t<li>Haz clic ea Borrar ahora.<\/li>\n \t<li>Cierra y reinicia el navegador.<\/li>\n<\/ol>\nPuedes aceptar o rechazar las cookies individualmente en las Preferencies de Firefox, en la secci\u00f3n Historial disponible en Herramientas &gt; Opciones &gt; Privacidad. Para m\u00e1s informaci\u00f3n sobre Mozilla Firefox toma aqu\u00ed: <a href=\"https:\/\/www.mozilla.org\/es-ES\/privacy\/websites\/#cookies\">https:\/\/www.mozilla.org\/es-ES\/privacy\/websites\/#cookies<\/a>\n\n<strong>Safari Versi\u00f3n 5.1<\/strong>\n<ol>\n \t<li>Selecciona el icono de Safari \/ Edita | Valorada Safari.<\/li>\n \t<li>  Selecciona las siguientes casillas de verificaci\u00f3n: Borrar el historial, Eliminar todos los datos de sitio web<\/li>\n \t<li>Haz clic en Restablecer.<\/li>\n \t<li>Cierra y reinicia el navegador.<\/li>\n<\/ol>\nPara m\u00e1s informaci\u00f3n sobre Safari toma aqu\u00ed: <a href=\"https:\/\/support.apple.com\/kb\/ph21411?locale=es_ES\" target=\"_blank\" rel=\"noopener noreferrer\" data-saferedirecturl=\"https:\/\/www.google.com\/url?hl=ca&amp;q=https:\/\/support.apple.com\/kb\/ph21411?locale%3Des_ES&amp;source=gmail&amp;ust=1520789607148000&amp;usg=AFQjCNFxST-p3TjJWmqTfR1QCEI9wsMYuw\">https:\/\/support.apple.com\/kb\/<wbr><\/wbr> ph21411?locale=es_ES<\/a>\n\n<strong>Opera<\/strong>\n\nOpciones &#8211; Avanzado &#8211; Cookies. Las opciones de cookies controlan la manera en que Opera los utiliza y, por tanto, su aceptaci\u00f3n o rechazo. Para m\u00e1s informaci\u00f3n sobre \u00d3pera prende aqu\u00ed: <a href=\"http:\/\/help.opera.com\/Linux\/10.60\/es-ES\/cookies.html\">http:\/\/help.opera.com\/Linux\/10.60\/es-ES\/cookies.html<\/a>\n\n<strong>Otros navegadores<\/strong>\n\nConsulta la documentaci\u00f3n del navegador que tengas instalado.\t\t\t\t\t\t\t\t<\/div>\n\t\t\t\t<\/div>\n\t\t\t\t\t<\/div>\n\t\t<\/div>\n\t\t\t\t\t<\/div>\n\t\t<\/section>\n\t\t\t\t<\/div>\n\t\t","protected":false},"excerpt":{"rendered":"<p>INFORMACI\u00d3N SOBRE LAS COOKIES Dada la entrada en vigor de la referente modificaci\u00f3n de la \u00abLey de Servicios de la Sociedad de la Informaci\u00f3n\u00bb (LSSICE) establecida por el Real Decreto 13\/2012, es obligado obtener el consentimiento expreso del usuario de todas las p\u00e1ginas web que usan cookies prescindibles, antes de que \u00e9ste navegue por ellas. [&hellip;]<\/p>\n","protected":false},"author":1,"featured_media":0,"parent":0,"menu_order":0,"comment_status":"closed","ping_status":"closed","template":"elementor_header_footer","meta":{"_acf_changed":false,"footnotes":""},"class_list":["post-2707","page","type-page","status-publish","hentry"],"acf":[],"yoast_head":"<!-- This site is optimized with the Yoast SEO plugin v27.1.1 - https:\/\/yoast.com\/product\/yoast-seo-wordpress\/ -->\n<title>Pol\u00edtica de cookies . Project &amp; Construction Management &#8211; BYKO<\/title>\n<meta name=\"description\" content=\"BYKO cumple con la LSSICE, establecida por el Real Decreto 13\/2012. Es obligado obtener el consentimiento expreso del usuario de todas las p\u00e1ginas web que usan cookies.\" \/>\n<meta name=\"robots\" content=\"index, follow, max-snippet:-1, max-image-preview:large, max-video-preview:-1\" \/>\n<link rel=\"canonical\" href=\"https:\/\/www.byko.es\/es\/politica-de-cookies\/\" \/>\n<meta property=\"og:locale\" content=\"es_ES\" \/>\n<meta property=\"og:type\" content=\"article\" \/>\n<meta property=\"og:title\" content=\"Pol\u00edtica de cookies . Project &amp; Construction Management &#8211; BYKO\" \/>\n<meta property=\"og:description\" content=\"BYKO cumple con la LSSICE, establecida por el Real Decreto 13\/2012. Es obligado obtener el consentimiento expreso del usuario de todas las p\u00e1ginas web que usan cookies.\" \/>\n<meta property=\"og:url\" content=\"https:\/\/www.byko.es\/es\/politica-de-cookies\/\" \/>\n<meta property=\"og:site_name\" content=\"BYKO\" \/>\n<meta property=\"article:publisher\" content=\"https:\/\/www.facebook.com\/bykoprojects\" \/>\n<meta property=\"article:modified_time\" content=\"2024-06-17T13:28:49+00:00\" \/>\n<meta property=\"og:image\" content=\"https:\/\/www.byko.es\/wp-content\/uploads\/2021\/03\/Logo_1_baseline.jpg\" \/>\n\t<meta property=\"og:image:width\" content=\"2240\" \/>\n\t<meta property=\"og:image:height\" content=\"1414\" \/>\n\t<meta property=\"og:image:type\" content=\"image\/jpeg\" \/>\n<meta name=\"twitter:card\" content=\"summary_large_image\" \/>\n<meta name=\"twitter:label1\" content=\"Tiempo de lectura\" \/>\n\t<meta name=\"twitter:data1\" content=\"5 minutos\" \/>\n<script type=\"application\/ld+json\" class=\"yoast-schema-graph\">{\"@context\":\"https:\/\/schema.org\",\"@graph\":[{\"@type\":\"WebPage\",\"@id\":\"https:\/\/www.byko.es\/es\/politica-de-cookies\/\",\"url\":\"https:\/\/www.byko.es\/es\/politica-de-cookies\/\",\"name\":\"Pol\u00edtica de cookies . Project & Construction Management &#8211; BYKO\",\"isPartOf\":{\"@id\":\"https:\/\/www.byko.es\/es\/#website\"},\"datePublished\":\"2019-09-06T09:55:55+00:00\",\"dateModified\":\"2024-06-17T13:28:49+00:00\",\"description\":\"BYKO cumple con la LSSICE, establecida por el Real Decreto 13\/2012. Es obligado obtener el consentimiento expreso del usuario de todas las p\u00e1ginas web que usan cookies.\",\"breadcrumb\":{\"@id\":\"https:\/\/www.byko.es\/es\/politica-de-cookies\/#breadcrumb\"},\"inLanguage\":\"es\",\"potentialAction\":[{\"@type\":\"ReadAction\",\"target\":[\"https:\/\/www.byko.es\/es\/politica-de-cookies\/\"]}]},{\"@type\":\"BreadcrumbList\",\"@id\":\"https:\/\/www.byko.es\/es\/politica-de-cookies\/#breadcrumb\",\"itemListElement\":[{\"@type\":\"ListItem\",\"position\":1,\"name\":\"Portada\",\"item\":\"https:\/\/www.byko.es\/es\/inicio\/\"},{\"@type\":\"ListItem\",\"position\":2,\"name\":\"Pol\u00edtica de cookies\"}]},{\"@type\":\"WebSite\",\"@id\":\"https:\/\/www.byko.es\/es\/#website\",\"url\":\"https:\/\/www.byko.es\/es\/\",\"name\":\"BYKO\",\"description\":\"Sustainable Project &amp; Construction Management\",\"publisher\":{\"@id\":\"https:\/\/www.byko.es\/es\/#organization\"},\"potentialAction\":[{\"@type\":\"SearchAction\",\"target\":{\"@type\":\"EntryPoint\",\"urlTemplate\":\"https:\/\/www.byko.es\/es\/?s={search_term_string}\"},\"query-input\":{\"@type\":\"PropertyValueSpecification\",\"valueRequired\":true,\"valueName\":\"search_term_string\"}}],\"inLanguage\":\"es\"},{\"@type\":\"Organization\",\"@id\":\"https:\/\/www.byko.es\/es\/#organization\",\"name\":\"BYKO\",\"url\":\"https:\/\/www.byko.es\/es\/\",\"logo\":{\"@type\":\"ImageObject\",\"inLanguage\":\"es\",\"@id\":\"https:\/\/www.byko.es\/es\/#\/schema\/logo\/image\/\",\"url\":\"https:\/\/www.byko.es\/wp-content\/uploads\/2021\/03\/Logo_1_baseline.jpg\",\"contentUrl\":\"https:\/\/www.byko.es\/wp-content\/uploads\/2021\/03\/Logo_1_baseline.jpg\",\"width\":2240,\"height\":1414,\"caption\":\"BYKO\"},\"image\":{\"@id\":\"https:\/\/www.byko.es\/es\/#\/schema\/logo\/image\/\"},\"sameAs\":[\"https:\/\/www.facebook.com\/bykoprojects\",\"https:\/\/www.instagram.com\/bykoprojects\/\",\"https:\/\/www.linkedin.com\/company\/byko-despacho-de-arquitectura\/\",\"https:\/\/www.youtube.com\/channel\/UCX2C2VsvUz8YKfZhUd3oGgA\"]}]}<\/script>\n<!-- \/ Yoast SEO plugin. -->","yoast_head_json":{"title":"Pol\u00edtica de cookies . Project & Construction Management &#8211; BYKO","description":"BYKO cumple con la LSSICE, establecida por el Real Decreto 13\/2012. Es obligado obtener el consentimiento expreso del usuario de todas las p\u00e1ginas web que usan cookies.","robots":{"index":"index","follow":"follow","max-snippet":"max-snippet:-1","max-image-preview":"max-image-preview:large","max-video-preview":"max-video-preview:-1"},"canonical":"https:\/\/www.byko.es\/es\/politica-de-cookies\/","og_locale":"es_ES","og_type":"article","og_title":"Pol\u00edtica de cookies . Project & Construction Management &#8211; BYKO","og_description":"BYKO cumple con la LSSICE, establecida por el Real Decreto 13\/2012. Es obligado obtener el consentimiento expreso del usuario de todas las p\u00e1ginas web que usan cookies.","og_url":"https:\/\/www.byko.es\/es\/politica-de-cookies\/","og_site_name":"BYKO","article_publisher":"https:\/\/www.facebook.com\/bykoprojects","article_modified_time":"2024-06-17T13:28:49+00:00","og_image":[{"width":2240,"height":1414,"url":"https:\/\/www.byko.es\/wp-content\/uploads\/2021\/03\/Logo_1_baseline.jpg","type":"image\/jpeg"}],"twitter_card":"summary_large_image","twitter_misc":{"Tiempo de lectura":"5 minutos"},"schema":{"@context":"https:\/\/schema.org","@graph":[{"@type":"WebPage","@id":"https:\/\/www.byko.es\/es\/politica-de-cookies\/","url":"https:\/\/www.byko.es\/es\/politica-de-cookies\/","name":"Pol\u00edtica de cookies . Project & Construction Management &#8211; BYKO","isPartOf":{"@id":"https:\/\/www.byko.es\/es\/#website"},"datePublished":"2019-09-06T09:55:55+00:00","dateModified":"2024-06-17T13:28:49+00:00","description":"BYKO cumple con la LSSICE, establecida por el Real Decreto 13\/2012. Es obligado obtener el consentimiento expreso del usuario de todas las p\u00e1ginas web que usan cookies.","breadcrumb":{"@id":"https:\/\/www.byko.es\/es\/politica-de-cookies\/#breadcrumb"},"inLanguage":"es","potentialAction":[{"@type":"ReadAction","target":["https:\/\/www.byko.es\/es\/politica-de-cookies\/"]}]},{"@type":"BreadcrumbList","@id":"https:\/\/www.byko.es\/es\/politica-de-cookies\/#breadcrumb","itemListElement":[{"@type":"ListItem","position":1,"name":"Portada","item":"https:\/\/www.byko.es\/es\/inicio\/"},{"@type":"ListItem","position":2,"name":"Pol\u00edtica de cookies"}]},{"@type":"WebSite","@id":"https:\/\/www.byko.es\/es\/#website","url":"https:\/\/www.byko.es\/es\/","name":"BYKO","description":"Sustainable Project &amp; Construction Management","publisher":{"@id":"https:\/\/www.byko.es\/es\/#organization"},"potentialAction":[{"@type":"SearchAction","target":{"@type":"EntryPoint","urlTemplate":"https:\/\/www.byko.es\/es\/?s={search_term_string}"},"query-input":{"@type":"PropertyValueSpecification","valueRequired":true,"valueName":"search_term_string"}}],"inLanguage":"es"},{"@type":"Organization","@id":"https:\/\/www.byko.es\/es\/#organization","name":"BYKO","url":"https:\/\/www.byko.es\/es\/","logo":{"@type":"ImageObject","inLanguage":"es","@id":"https:\/\/www.byko.es\/es\/#\/schema\/logo\/image\/","url":"https:\/\/www.byko.es\/wp-content\/uploads\/2021\/03\/Logo_1_baseline.jpg","contentUrl":"https:\/\/www.byko.es\/wp-content\/uploads\/2021\/03\/Logo_1_baseline.jpg","width":2240,"height":1414,"caption":"BYKO"},"image":{"@id":"https:\/\/www.byko.es\/es\/#\/schema\/logo\/image\/"},"sameAs":["https:\/\/www.facebook.com\/bykoprojects","https:\/\/www.instagram.com\/bykoprojects\/","https:\/\/www.linkedin.com\/company\/byko-despacho-de-arquitectura\/","https:\/\/www.youtube.com\/channel\/UCX2C2VsvUz8YKfZhUd3oGgA"]}]}},"_links":{"self":[{"href":"https:\/\/www.byko.es\/es\/wp-json\/wp\/v2\/pages\/2707","targetHints":{"allow":["GET"]}}],"collection":[{"href":"https:\/\/www.byko.es\/es\/wp-json\/wp\/v2\/pages"}],"about":[{"href":"https:\/\/www.byko.es\/es\/wp-json\/wp\/v2\/types\/page"}],"author":[{"embeddable":true,"href":"https:\/\/www.byko.es\/es\/wp-json\/wp\/v2\/users\/1"}],"replies":[{"embeddable":true,"href":"https:\/\/www.byko.es\/es\/wp-json\/wp\/v2\/comments?post=2707"}],"version-history":[{"count":0,"href":"https:\/\/www.byko.es\/es\/wp-json\/wp\/v2\/pages\/2707\/revisions"}],"wp:attachment":[{"href":"https:\/\/www.byko.es\/es\/wp-json\/wp\/v2\/media?parent=2707"}],"curies":[{"name":"wp","href":"https:\/\/api.w.org\/{rel}","templated":true}]}}