{"id":2708,"date":"2019-09-06T12:09:32","date_gmt":"2019-09-06T10:09:32","guid":{"rendered":"https:\/\/www.byko.es\/aviso-legal\/"},"modified":"2024-06-17T15:27:51","modified_gmt":"2024-06-17T13:27:51","slug":"aviso-legal","status":"publish","type":"page","link":"https:\/\/www.byko.es\/es\/aviso-legal\/","title":{"rendered":"Aviso legal"},"content":{"rendered":"\t\t<div data-elementor-type=\"wp-page\" data-elementor-id=\"2708\" class=\"elementor elementor-2708 elementor-2255\" data-elementor-post-type=\"page\">\n\t\t\t\t\t\t<section class=\"elementor-section elementor-top-section elementor-element elementor-element-c187dbe elementor-section-content-middle elementor-section-boxed elementor-section-height-default elementor-section-height-default\" data-id=\"c187dbe\" data-element_type=\"section\" data-e-type=\"section\" data-settings=\"{&quot;background_background&quot;:&quot;classic&quot;,&quot;jet_parallax_layout_list&quot;:[{&quot;jet_parallax_layout_image&quot;:{&quot;url&quot;:&quot;&quot;,&quot;id&quot;:&quot;&quot;,&quot;size&quot;:&quot;&quot;},&quot;_id&quot;:&quot;384c6b3&quot;,&quot;jet_parallax_layout_speed&quot;:{&quot;unit&quot;:&quot;%&quot;,&quot;size&quot;:50,&quot;sizes&quot;:[]},&quot;jet_parallax_layout_image_tablet&quot;:{&quot;url&quot;:&quot;&quot;,&quot;id&quot;:&quot;&quot;,&quot;size&quot;:&quot;&quot;},&quot;jet_parallax_layout_image_mobile&quot;:{&quot;url&quot;:&quot;&quot;,&quot;id&quot;:&quot;&quot;,&quot;size&quot;:&quot;&quot;},&quot;jet_parallax_layout_type&quot;:&quot;scroll&quot;,&quot;jet_parallax_layout_direction&quot;:&quot;1&quot;,&quot;jet_parallax_layout_fx_direction&quot;:null,&quot;jet_parallax_layout_z_index&quot;:&quot;&quot;,&quot;jet_parallax_layout_bg_x&quot;:50,&quot;jet_parallax_layout_bg_x_tablet&quot;:&quot;&quot;,&quot;jet_parallax_layout_bg_x_mobile&quot;:&quot;&quot;,&quot;jet_parallax_layout_bg_y&quot;:50,&quot;jet_parallax_layout_bg_y_tablet&quot;:&quot;&quot;,&quot;jet_parallax_layout_bg_y_mobile&quot;:&quot;&quot;,&quot;jet_parallax_layout_bg_size&quot;:&quot;auto&quot;,&quot;jet_parallax_layout_bg_size_tablet&quot;:&quot;&quot;,&quot;jet_parallax_layout_bg_size_mobile&quot;:&quot;&quot;,&quot;jet_parallax_layout_animation_prop&quot;:&quot;transform&quot;,&quot;jet_parallax_layout_on&quot;:[&quot;desktop&quot;,&quot;tablet&quot;]}]}\">\n\t\t\t\t\t\t\t<div class=\"elementor-background-overlay\"><\/div>\n\t\t\t\t\t\t\t<div class=\"elementor-container elementor-column-gap-no\">\n\t\t\t\t\t<div class=\"elementor-column elementor-col-100 elementor-top-column elementor-element elementor-element-4fd51cf\" data-id=\"4fd51cf\" data-element_type=\"column\" data-e-type=\"column\">\n\t\t\t<div class=\"elementor-widget-wrap elementor-element-populated\">\n\t\t\t\t\t\t\t<\/div>\n\t\t<\/div>\n\t\t\t\t\t<\/div>\n\t\t<\/section>\n\t\t\t\t<section class=\"elementor-section elementor-top-section elementor-element elementor-element-f57cbf3 elementor-section-boxed elementor-section-height-default elementor-section-height-default\" data-id=\"f57cbf3\" data-element_type=\"section\" data-e-type=\"section\" data-settings=\"{&quot;jet_parallax_layout_list&quot;:[{&quot;jet_parallax_layout_image&quot;:{&quot;url&quot;:&quot;&quot;,&quot;id&quot;:&quot;&quot;,&quot;size&quot;:&quot;&quot;},&quot;_id&quot;:&quot;f32fd67&quot;,&quot;jet_parallax_layout_image_tablet&quot;:{&quot;url&quot;:&quot;&quot;,&quot;id&quot;:&quot;&quot;,&quot;size&quot;:&quot;&quot;},&quot;jet_parallax_layout_image_mobile&quot;:{&quot;url&quot;:&quot;&quot;,&quot;id&quot;:&quot;&quot;,&quot;size&quot;:&quot;&quot;},&quot;jet_parallax_layout_speed&quot;:{&quot;unit&quot;:&quot;%&quot;,&quot;size&quot;:50,&quot;sizes&quot;:[]},&quot;jet_parallax_layout_type&quot;:&quot;scroll&quot;,&quot;jet_parallax_layout_direction&quot;:&quot;1&quot;,&quot;jet_parallax_layout_fx_direction&quot;:null,&quot;jet_parallax_layout_z_index&quot;:&quot;&quot;,&quot;jet_parallax_layout_bg_x&quot;:50,&quot;jet_parallax_layout_bg_x_tablet&quot;:&quot;&quot;,&quot;jet_parallax_layout_bg_x_mobile&quot;:&quot;&quot;,&quot;jet_parallax_layout_bg_y&quot;:50,&quot;jet_parallax_layout_bg_y_tablet&quot;:&quot;&quot;,&quot;jet_parallax_layout_bg_y_mobile&quot;:&quot;&quot;,&quot;jet_parallax_layout_bg_size&quot;:&quot;auto&quot;,&quot;jet_parallax_layout_bg_size_tablet&quot;:&quot;&quot;,&quot;jet_parallax_layout_bg_size_mobile&quot;:&quot;&quot;,&quot;jet_parallax_layout_animation_prop&quot;:&quot;transform&quot;,&quot;jet_parallax_layout_on&quot;:[&quot;desktop&quot;,&quot;tablet&quot;]}]}\">\n\t\t\t\t\t\t<div class=\"elementor-container elementor-column-gap-default\">\n\t\t\t\t\t<div class=\"elementor-column elementor-col-100 elementor-top-column elementor-element elementor-element-569035d0\" data-id=\"569035d0\" data-element_type=\"column\" data-e-type=\"column\">\n\t\t\t<div class=\"elementor-widget-wrap elementor-element-populated\">\n\t\t\t\t\t\t<div class=\"elementor-element elementor-element-5b654443 elementor-widget elementor-widget-text-editor\" data-id=\"5b654443\" data-element_type=\"widget\" data-e-type=\"widget\" data-widget_type=\"text-editor.default\">\n\t\t\t\t<div class=\"elementor-widget-container\">\n\t\t\t\t\t\t\t\t\t<h2 style=\"line-height: 1.4em;\"><strong>LEY DE LOS SERVICIOS DE LA SOCIEDAD DE LA INFORMACI\u00d3N (LSSI) adecuada para que puedan ejercerlos.<\/strong><\/h2>\n<p>BYKO PROJECTES I GESTI\u00d3, SL, responsable del sitio web, en adelante RESPONSABLE, ponemos a disposici\u00f3n de los usuarios el presente documento, con el que pretendemos dar cumplimiento a las obligaciones dispuestas en la Ley 34\/2002, de 11 de julio, de Servicios de la Sociedad de la Informaci\u00f3n y de Comercio Electr\u00f3nico (LSSICE), BOE N\u00ba 166, as\u00ed como informar a todos los usuarios del sitio web respecto a cu\u00e1les son las condiciones de uso.<br \/>Toda persona que acceda a este sitio web asume el papel de usuario, comprometi\u00e9ndose a la observancia y cumplimiento riguroso de las disposiciones aqu\u00ed dispuestas, as\u00ed como a cualquier otra disposici\u00f3n legal que fuera de aplicaci\u00f3n.<\/p>\n<p>BYKO PROJECTES I GESTI\u00d3, SL, se reserva el derecho de modificar cualquier tipo de informaci\u00f3n que pudiera aparecer en el sitio web, sin que exista obligaci\u00f3n de preavisar o poner en conocimiento de los usuarios estas obligaciones, entendi\u00e9ndose como suficiente con la publicaci\u00f3n en el sitio web de BYKO PROJECTES I GESTI\u00d3, SL.<\/p>\n<\/p>\n<div>\n<h3><strong>1. DATOS DE IDENTIFICACI\u00d3N<\/strong><\/h3>\n<div>Nombre del dominio: https:\/\/byko.es\/<br \/>Nombre comercial: BYKO PROJECTES I GESTI\u00d3, S.L.<br \/>Denominaci\u00f3n social: BYKO PROJECTES I GESTI\u00d3, S.L.<br \/>CIF: B-66946898<br \/>Domicilio social: C \/ EUGENIO Y CALDER\u00d3N 14, 08490 TORDERA (BARCELONA)<br \/>Tel\u00e9fono: 93.115 36 31<br \/>Correo electr\u00f3nico: gestio@byko.es<br \/>Valorada en el Registro (Mercantil \/ P\u00fablico):<\/div>\n<\/div>\n<div> <\/div>\n<h3><strong>2. DERECHOS DE PROPIEDAD INTELECTUAL LECTUAL E INDUSTRIAL<br \/><\/strong><\/h3>\n<div>\n<p>El sitio web, incluyendo a t\u00edtulo enunciativo pero no limitativo su programaci\u00f3n, edici\u00f3n, compilaci\u00f3n y otros elementos necesarios para su funcionamiento, los dise\u00f1os, logotipos, texto y \/ o gr\u00e1ficos, son propiedad del RESPONSABLE o, en su caso, dispone de licencia o autorizaci\u00f3n expresa por parte de los autores. Todos los contenidos del sitio web se encuentran debidamente protegidos por la normativa de propiedad intelectual e industrial, as\u00ed como inscritos en los registros p\u00fablicos correspondientes.<\/p>\n<p>Independientemente de la finalidad para la que fueran destinados, la reproducci\u00f3n total o parcial, uso, explotaci\u00f3n, distribuci\u00f3n y comercializaci\u00f3n, requiere en todo caso de la autorizaci\u00f3n escrita previa por parte del RESPONSABLE. Cualquier uso no autorizado previamente se considera un incumplimiento grave de los derechos de propiedad intelectual o industrial del autor.<\/p>\n<p>Los dise\u00f1os, logotipos, texto y \/ o gr\u00e1ficos ajenos al RESPONSABLE y que pudieran aparecer en el sitio web, pertenecen a sus respectivos propietarios, siendo ellos mismos responsables de cualquier posible controversia que pudiera suscitar respecto a los mismos. El RESPONSABLE autoriza expresamente a que terceros puedan redirigir directamente a los contenidos concretos del sitio web, y en todo caso redirigir al sitio web principal: https:\/\/byko.es\/.<\/p>\n<p>El RESPONSABLE reconoce a favor de sus titulares los correspondientes derechos de propiedad intelectual e industrial, no implicando su sola menci\u00f3n o aparici\u00f3n en el sitio web la existencia de derechos o responsabilidad alguna sobre los mismos, como tampoco respaldo, patrocinio o recomendaci\u00f3n por parte del mismo .<\/p>\n<p>Para realizar cualquier tipo de observaci\u00f3n respecto a posibles incumplimientos de los derechos de propiedad intelectual o industrial, as\u00ed como sobre cualquiera de los contenidos del sitio web, puede hacerlo a trav\u00e9s del correo electr\u00f3nico gestio@byko.es.<\/p>\n<\/div>\n<h3><strong>3. EXENCI\u00d3N DE RESPONSABILIDADES<\/strong><\/h3>\n<div>\n<p>El RESPONSABLE se exime de cualquier tipo de responsabilidad derivada de la informaci\u00f3n publicada en su sitio web siempre que esta informaci\u00f3n haya sido manipulada o introducida por un tercero ajeno al mismo.<\/p>\n<\/div>\n<h4><strong>Uso de Cookies<\/strong><\/h4>\n<div>\n<p>Este sitio web puede utilizar cookies t\u00e9cnicas (peque\u00f1os archivos de informaci\u00f3n que el servidor env\u00eda al ordenador de quien accede a la p\u00e1gina) para llevar a cabo determinadas funciones que son consideradas imprescindibles para el correcto funcionamiento y visualizaci\u00f3n del sitio. Las cookies utilizadas tienen, en todo caso, car\u00e1cter temporal, con la \u00fanica finalidad de hacer m\u00e1s eficaz la navegaci\u00f3n, y desaparecen al acabar la sesi\u00f3n del usuario. En ning\u00fan caso, estas cookies proporcionan por s\u00ed mismos datos de car\u00e1cter personal y no se utilizar\u00e1n para la recogida de los mismos.<\/p>\n<p>Mediante el uso de cookies tambi\u00e9n es posible que el servidor donde se encuentra la web reconozca el navegador utilizado por el usuario con la finalidad de que la navegaci\u00f3n sea m\u00e1s sencilla, permitiendo, por ejemplo, el acceso de los usuarios que se hayan registrado previamente a las \u00e1reas, servicios, promociones o concursos reservados exclusivamente a ellos sin tener que registrar en cada visita. Tambi\u00e9n se pueden utilizar para medir la audiencia, par\u00e1metros de tr\u00e1fico, controlar el progreso y n\u00famero de entradas, etc, siendo en estos casos cookies prescindibles t\u00e9cnica pero beneficiosas para el usuario. Este sitio web no se instalar\u00e1 cookies prescindibles sin el consentimiento previo del usuario.<\/p>\n<p>El usuario tiene la posibilidad de configurar su navegador para ser alertado de la recepci\u00f3n de cookies y para impedir su instalaci\u00f3n en su equipo. Si os gusta, consulte las instrucciones de su navegador para ampliar esta informaci\u00f3n.<\/p>\n<h4><strong>Pol\u00edtica de enlaces<\/strong><\/h4>\n<\/div>\n<div>\n<p>Desde el sitio web es posible que se redirija a contenidos de terceros sitios web. Dado que el RESPONSABLE no puede controlar siempre los contenidos introducidos por los terceros en sus respectivos sitios web, no asume ning\u00fan tipo de responsabilidad respecto a estos contenidos. En todo caso, proceder\u00e1 a la retirada inmediata de cualquier contenido que pudiera contravenir la legislaci\u00f3n nacional o internacional, la moral o el orden p\u00fablico, procediendo a la retirada inmediata de la redirecci\u00f3n a dicho sitio web, poniendo en conocimiento de las autoridades competentes el contenido en cuesti\u00f3n.<\/p>\n<p>El RESPONSABLE no se hace responsable de la informaci\u00f3n y contenidos almacenados, a t\u00edtulo enunciativo pero no limitativo, en foros, chats, generadores de blogs, comentarios, redes sociales o cualquier otro medio que permita a terceros publicar contenidos de forma independiente en la p\u00e1gina web del RESPONSABLE. No obstante, y en cumplimiento de lo dispuesto en los art\u00edculos 11 y 16 de la LSSICE, se pone a disposici\u00f3n de todos los usuarios, autoridades y fuerzas de seguridad, colaborando de forma activa en la retirada o, en su caso, bloqueo de todos aquellos contenidos que puedan afectar o contravenir la legislaci\u00f3n nacional o internacional,  los derechos de terceros o la moral y el orden p\u00fablico. En caso de que el usuario considere que existe en el sitio web alg\u00fan contenido que pudiera ser susceptible de esta clasificaci\u00f3n, se ruega lo haga saber de forma inmediata al administrador del sitio web.<\/p>\n<p>Este sitio web ha sido revisado y probado para que funcione correctamente. En principio, puede garantizarse el correcto funcionamiento los 365 d\u00edas del a\u00f1o, 24 horas al d\u00eda. No obstante, el RESPONSABLE no descarta la posibilidad de que existan ciertos errores de programaci\u00f3n, o que se conviertan en causas de fuerza mayor, cat\u00e1strofes naturales, huelgas o circunstancias parecidas que hagan imposible el acceso a la p\u00e1gina web.<\/p>\n<h4><strong>Direcciones IP<\/strong><\/h4>\n<\/div>\n<div>Los servidores del sitio web podr\u00e1n detectar de manera autom\u00e1tica la direcci\u00f3n IP y el nombre de dominio utilizados por el usuario. Una direcci\u00f3n IP es un n\u00famero asignado autom\u00e1ticamente a un ordenador cuando \u00e9ste se conecta a Internet. Toda esta informaci\u00f3n es registrada en un fichero de actividad del servidor debidamente inscrito que permite el posterior procesamiento de los datos con la finalidad de obtener medidas \u00fanicamente estad\u00edsticas que permitan conocer el n\u00famero de impresiones de p\u00e1ginas, el n\u00famero de visitas realizadas a los servidores web, el orden de visitas, el punto de acceso, etc.<\/div>\n<div> <\/div>\n<h3>4. LEY APLICABLE Y JURISDICCI\u00d3N<strong><br \/><\/strong><\/h3>\n<div> <\/div>\n<div>Para la resoluci\u00f3n de todas las controversias o cuestiones relacionadas con el presente sitio web o con las actividades que en \u00e9l se desarrollan, se procede a aplicar la legislaci\u00f3n espa\u00f1ola, a la que se someten expresamente las partes, siendo competentes para la resoluci\u00f3n de todos los conflictos derivados o relacionados con su uso los Juzgados y Tribunales m\u00e1s pr\u00f3ximos a TORDERA.<\/div>\n\t\t\t\t\t\t\t\t<\/div>\n\t\t\t\t<\/div>\n\t\t\t\t\t<\/div>\n\t\t<\/div>\n\t\t\t\t\t<\/div>\n\t\t<\/section>\n\t\t\t\t<\/div>\n\t\t","protected":false},"excerpt":{"rendered":"<p>LEY DE LOS SERVICIOS DE LA SOCIEDAD DE LA INFORMACI\u00d3N (LSSI) adecuada para que puedan ejercerlos. BYKO PROJECTES I GESTI\u00d3, SL, responsable del sitio web, en adelante RESPONSABLE, ponemos a disposici\u00f3n de los usuarios el presente documento, con el que pretendemos dar cumplimiento a las obligaciones dispuestas en la Ley 34\/2002, de 11 de julio, [&hellip;]<\/p>\n","protected":false},"author":1,"featured_media":0,"parent":0,"menu_order":0,"comment_status":"closed","ping_status":"closed","template":"elementor_header_footer","meta":{"_acf_changed":false,"footnotes":""},"class_list":["post-2708","page","type-page","status-publish","hentry"],"acf":[],"yoast_head":"<!-- This site is optimized with the Yoast SEO plugin v27.1.1 - https:\/\/yoast.com\/product\/yoast-seo-wordpress\/ -->\n<title>Aviso legal . Construction &amp; Project Management &#8211; BYKO<\/title>\n<meta name=\"description\" content=\"BYKO PROYECTOS Y GESTI\u00d3N, S.L. - CIF: B66946898 - C\/ Eugenio y Calder\u00f3n, 14, 08490 Tordera (Barcelona) - Tel\u00e9fono: 93 115 36 31\" \/>\n<meta name=\"robots\" content=\"index, follow, max-snippet:-1, max-image-preview:large, max-video-preview:-1\" \/>\n<link rel=\"canonical\" href=\"https:\/\/www.byko.es\/es\/aviso-legal\/\" \/>\n<meta property=\"og:locale\" content=\"es_ES\" \/>\n<meta property=\"og:type\" content=\"article\" \/>\n<meta property=\"og:title\" content=\"Aviso legal . Construction &amp; Project Management &#8211; BYKO\" \/>\n<meta property=\"og:description\" content=\"BYKO PROYECTOS Y GESTI\u00d3N, S.L. - CIF: B66946898 - C\/ Eugenio y Calder\u00f3n, 14, 08490 Tordera (Barcelona) - Tel\u00e9fono: 93 115 36 31\" \/>\n<meta property=\"og:url\" content=\"https:\/\/www.byko.es\/es\/aviso-legal\/\" \/>\n<meta property=\"og:site_name\" content=\"BYKO\" \/>\n<meta property=\"article:publisher\" content=\"https:\/\/www.facebook.com\/bykoprojects\" \/>\n<meta property=\"article:modified_time\" content=\"2024-06-17T13:27:51+00:00\" \/>\n<meta property=\"og:image\" content=\"https:\/\/www.byko.es\/wp-content\/uploads\/2021\/03\/Logo_1_baseline.jpg\" \/>\n\t<meta property=\"og:image:width\" content=\"2240\" \/>\n\t<meta property=\"og:image:height\" content=\"1414\" \/>\n\t<meta property=\"og:image:type\" content=\"image\/jpeg\" \/>\n<meta name=\"twitter:card\" content=\"summary_large_image\" \/>\n<meta name=\"twitter:label1\" content=\"Tiempo de lectura\" \/>\n\t<meta name=\"twitter:data1\" content=\"7 minutos\" \/>\n<script type=\"application\/ld+json\" class=\"yoast-schema-graph\">{\"@context\":\"https:\/\/schema.org\",\"@graph\":[{\"@type\":\"WebPage\",\"@id\":\"https:\/\/www.byko.es\/es\/aviso-legal\/\",\"url\":\"https:\/\/www.byko.es\/es\/aviso-legal\/\",\"name\":\"Aviso legal . Construction & Project Management &#8211; BYKO\",\"isPartOf\":{\"@id\":\"https:\/\/www.byko.es\/es\/#website\"},\"datePublished\":\"2019-09-06T10:09:32+00:00\",\"dateModified\":\"2024-06-17T13:27:51+00:00\",\"description\":\"BYKO PROYECTOS Y GESTI\u00d3N, S.L. - CIF: B66946898 - C\/ Eugenio y Calder\u00f3n, 14, 08490 Tordera (Barcelona) - Tel\u00e9fono: 93 115 36 31\",\"breadcrumb\":{\"@id\":\"https:\/\/www.byko.es\/es\/aviso-legal\/#breadcrumb\"},\"inLanguage\":\"es\",\"potentialAction\":[{\"@type\":\"ReadAction\",\"target\":[\"https:\/\/www.byko.es\/es\/aviso-legal\/\"]}]},{\"@type\":\"BreadcrumbList\",\"@id\":\"https:\/\/www.byko.es\/es\/aviso-legal\/#breadcrumb\",\"itemListElement\":[{\"@type\":\"ListItem\",\"position\":1,\"name\":\"Portada\",\"item\":\"https:\/\/www.byko.es\/es\/inicio\/\"},{\"@type\":\"ListItem\",\"position\":2,\"name\":\"Aviso legal\"}]},{\"@type\":\"WebSite\",\"@id\":\"https:\/\/www.byko.es\/es\/#website\",\"url\":\"https:\/\/www.byko.es\/es\/\",\"name\":\"BYKO\",\"description\":\"Sustainable Project &amp; Construction Management\",\"publisher\":{\"@id\":\"https:\/\/www.byko.es\/es\/#organization\"},\"potentialAction\":[{\"@type\":\"SearchAction\",\"target\":{\"@type\":\"EntryPoint\",\"urlTemplate\":\"https:\/\/www.byko.es\/es\/?s={search_term_string}\"},\"query-input\":{\"@type\":\"PropertyValueSpecification\",\"valueRequired\":true,\"valueName\":\"search_term_string\"}}],\"inLanguage\":\"es\"},{\"@type\":\"Organization\",\"@id\":\"https:\/\/www.byko.es\/es\/#organization\",\"name\":\"BYKO\",\"url\":\"https:\/\/www.byko.es\/es\/\",\"logo\":{\"@type\":\"ImageObject\",\"inLanguage\":\"es\",\"@id\":\"https:\/\/www.byko.es\/es\/#\/schema\/logo\/image\/\",\"url\":\"https:\/\/www.byko.es\/wp-content\/uploads\/2021\/03\/Logo_1_baseline.jpg\",\"contentUrl\":\"https:\/\/www.byko.es\/wp-content\/uploads\/2021\/03\/Logo_1_baseline.jpg\",\"width\":2240,\"height\":1414,\"caption\":\"BYKO\"},\"image\":{\"@id\":\"https:\/\/www.byko.es\/es\/#\/schema\/logo\/image\/\"},\"sameAs\":[\"https:\/\/www.facebook.com\/bykoprojects\",\"https:\/\/www.instagram.com\/bykoprojects\/\",\"https:\/\/www.linkedin.com\/company\/byko-despacho-de-arquitectura\/\",\"https:\/\/www.youtube.com\/channel\/UCX2C2VsvUz8YKfZhUd3oGgA\"]}]}<\/script>\n<!-- \/ Yoast SEO plugin. -->","yoast_head_json":{"title":"Aviso legal . Construction & Project Management &#8211; BYKO","description":"BYKO PROYECTOS Y GESTI\u00d3N, S.L. - CIF: B66946898 - C\/ Eugenio y Calder\u00f3n, 14, 08490 Tordera (Barcelona) - Tel\u00e9fono: 93 115 36 31","robots":{"index":"index","follow":"follow","max-snippet":"max-snippet:-1","max-image-preview":"max-image-preview:large","max-video-preview":"max-video-preview:-1"},"canonical":"https:\/\/www.byko.es\/es\/aviso-legal\/","og_locale":"es_ES","og_type":"article","og_title":"Aviso legal . Construction & Project Management &#8211; BYKO","og_description":"BYKO PROYECTOS Y GESTI\u00d3N, S.L. - CIF: B66946898 - C\/ Eugenio y Calder\u00f3n, 14, 08490 Tordera (Barcelona) - Tel\u00e9fono: 93 115 36 31","og_url":"https:\/\/www.byko.es\/es\/aviso-legal\/","og_site_name":"BYKO","article_publisher":"https:\/\/www.facebook.com\/bykoprojects","article_modified_time":"2024-06-17T13:27:51+00:00","og_image":[{"width":2240,"height":1414,"url":"https:\/\/www.byko.es\/wp-content\/uploads\/2021\/03\/Logo_1_baseline.jpg","type":"image\/jpeg"}],"twitter_card":"summary_large_image","twitter_misc":{"Tiempo de lectura":"7 minutos"},"schema":{"@context":"https:\/\/schema.org","@graph":[{"@type":"WebPage","@id":"https:\/\/www.byko.es\/es\/aviso-legal\/","url":"https:\/\/www.byko.es\/es\/aviso-legal\/","name":"Aviso legal . Construction & Project Management &#8211; BYKO","isPartOf":{"@id":"https:\/\/www.byko.es\/es\/#website"},"datePublished":"2019-09-06T10:09:32+00:00","dateModified":"2024-06-17T13:27:51+00:00","description":"BYKO PROYECTOS Y GESTI\u00d3N, S.L. - CIF: B66946898 - C\/ Eugenio y Calder\u00f3n, 14, 08490 Tordera (Barcelona) - Tel\u00e9fono: 93 115 36 31","breadcrumb":{"@id":"https:\/\/www.byko.es\/es\/aviso-legal\/#breadcrumb"},"inLanguage":"es","potentialAction":[{"@type":"ReadAction","target":["https:\/\/www.byko.es\/es\/aviso-legal\/"]}]},{"@type":"BreadcrumbList","@id":"https:\/\/www.byko.es\/es\/aviso-legal\/#breadcrumb","itemListElement":[{"@type":"ListItem","position":1,"name":"Portada","item":"https:\/\/www.byko.es\/es\/inicio\/"},{"@type":"ListItem","position":2,"name":"Aviso legal"}]},{"@type":"WebSite","@id":"https:\/\/www.byko.es\/es\/#website","url":"https:\/\/www.byko.es\/es\/","name":"BYKO","description":"Sustainable Project &amp; Construction Management","publisher":{"@id":"https:\/\/www.byko.es\/es\/#organization"},"potentialAction":[{"@type":"SearchAction","target":{"@type":"EntryPoint","urlTemplate":"https:\/\/www.byko.es\/es\/?s={search_term_string}"},"query-input":{"@type":"PropertyValueSpecification","valueRequired":true,"valueName":"search_term_string"}}],"inLanguage":"es"},{"@type":"Organization","@id":"https:\/\/www.byko.es\/es\/#organization","name":"BYKO","url":"https:\/\/www.byko.es\/es\/","logo":{"@type":"ImageObject","inLanguage":"es","@id":"https:\/\/www.byko.es\/es\/#\/schema\/logo\/image\/","url":"https:\/\/www.byko.es\/wp-content\/uploads\/2021\/03\/Logo_1_baseline.jpg","contentUrl":"https:\/\/www.byko.es\/wp-content\/uploads\/2021\/03\/Logo_1_baseline.jpg","width":2240,"height":1414,"caption":"BYKO"},"image":{"@id":"https:\/\/www.byko.es\/es\/#\/schema\/logo\/image\/"},"sameAs":["https:\/\/www.facebook.com\/bykoprojects","https:\/\/www.instagram.com\/bykoprojects\/","https:\/\/www.linkedin.com\/company\/byko-despacho-de-arquitectura\/","https:\/\/www.youtube.com\/channel\/UCX2C2VsvUz8YKfZhUd3oGgA"]}]}},"_links":{"self":[{"href":"https:\/\/www.byko.es\/es\/wp-json\/wp\/v2\/pages\/2708","targetHints":{"allow":["GET"]}}],"collection":[{"href":"https:\/\/www.byko.es\/es\/wp-json\/wp\/v2\/pages"}],"about":[{"href":"https:\/\/www.byko.es\/es\/wp-json\/wp\/v2\/types\/page"}],"author":[{"embeddable":true,"href":"https:\/\/www.byko.es\/es\/wp-json\/wp\/v2\/users\/1"}],"replies":[{"embeddable":true,"href":"https:\/\/www.byko.es\/es\/wp-json\/wp\/v2\/comments?post=2708"}],"version-history":[{"count":0,"href":"https:\/\/www.byko.es\/es\/wp-json\/wp\/v2\/pages\/2708\/revisions"}],"wp:attachment":[{"href":"https:\/\/www.byko.es\/es\/wp-json\/wp\/v2\/media?parent=2708"}],"curies":[{"name":"wp","href":"https:\/\/api.w.org\/{rel}","templated":true}]}}