{"id":2711,"date":"2019-09-09T11:26:01","date_gmt":"2019-09-09T09:26:01","guid":{"rendered":"https:\/\/www.byko.es\/politica-de-privacidad\/"},"modified":"2024-06-17T15:28:49","modified_gmt":"2024-06-17T13:28:49","slug":"politica-de-privacidad","status":"publish","type":"page","link":"https:\/\/www.byko.es\/es\/politica-de-privacidad\/","title":{"rendered":"Pol\u00edtica de privacidad"},"content":{"rendered":"\t\t<div data-elementor-type=\"wp-page\" data-elementor-id=\"2711\" class=\"elementor elementor-2711 elementor-3\" data-elementor-post-type=\"page\">\n\t\t\t\t\t\t<section class=\"elementor-section elementor-top-section elementor-element elementor-element-bf4fda5 elementor-section-content-middle elementor-section-boxed elementor-section-height-default elementor-section-height-default\" data-id=\"bf4fda5\" data-element_type=\"section\" data-e-type=\"section\" data-settings=\"{&quot;background_background&quot;:&quot;classic&quot;,&quot;jet_parallax_layout_list&quot;:[{&quot;jet_parallax_layout_image&quot;:{&quot;url&quot;:&quot;&quot;,&quot;id&quot;:&quot;&quot;,&quot;size&quot;:&quot;&quot;},&quot;_id&quot;:&quot;384c6b3&quot;,&quot;jet_parallax_layout_speed&quot;:{&quot;unit&quot;:&quot;%&quot;,&quot;size&quot;:50,&quot;sizes&quot;:[]},&quot;jet_parallax_layout_image_tablet&quot;:{&quot;url&quot;:&quot;&quot;,&quot;id&quot;:&quot;&quot;,&quot;size&quot;:&quot;&quot;},&quot;jet_parallax_layout_image_mobile&quot;:{&quot;url&quot;:&quot;&quot;,&quot;id&quot;:&quot;&quot;,&quot;size&quot;:&quot;&quot;},&quot;jet_parallax_layout_type&quot;:&quot;scroll&quot;,&quot;jet_parallax_layout_direction&quot;:&quot;1&quot;,&quot;jet_parallax_layout_fx_direction&quot;:null,&quot;jet_parallax_layout_z_index&quot;:&quot;&quot;,&quot;jet_parallax_layout_bg_x&quot;:50,&quot;jet_parallax_layout_bg_x_tablet&quot;:&quot;&quot;,&quot;jet_parallax_layout_bg_x_mobile&quot;:&quot;&quot;,&quot;jet_parallax_layout_bg_y&quot;:50,&quot;jet_parallax_layout_bg_y_tablet&quot;:&quot;&quot;,&quot;jet_parallax_layout_bg_y_mobile&quot;:&quot;&quot;,&quot;jet_parallax_layout_bg_size&quot;:&quot;auto&quot;,&quot;jet_parallax_layout_bg_size_tablet&quot;:&quot;&quot;,&quot;jet_parallax_layout_bg_size_mobile&quot;:&quot;&quot;,&quot;jet_parallax_layout_animation_prop&quot;:&quot;transform&quot;,&quot;jet_parallax_layout_on&quot;:[&quot;desktop&quot;,&quot;tablet&quot;]}]}\">\n\t\t\t\t\t\t\t<div class=\"elementor-background-overlay\"><\/div>\n\t\t\t\t\t\t\t<div class=\"elementor-container elementor-column-gap-no\">\n\t\t\t\t\t<div class=\"elementor-column elementor-col-100 elementor-top-column elementor-element elementor-element-5f92508\" data-id=\"5f92508\" data-element_type=\"column\" data-e-type=\"column\">\n\t\t\t<div class=\"elementor-widget-wrap elementor-element-populated\">\n\t\t\t\t\t\t\t<\/div>\n\t\t<\/div>\n\t\t\t\t\t<\/div>\n\t\t<\/section>\n\t\t\t\t<section class=\"elementor-section elementor-top-section elementor-element elementor-element-58997193 elementor-section-boxed elementor-section-height-default elementor-section-height-default\" data-id=\"58997193\" data-element_type=\"section\" data-e-type=\"section\" data-settings=\"{&quot;jet_parallax_layout_list&quot;:[{&quot;jet_parallax_layout_image&quot;:{&quot;url&quot;:&quot;&quot;,&quot;id&quot;:&quot;&quot;,&quot;size&quot;:&quot;&quot;},&quot;_id&quot;:&quot;5b3cf72&quot;,&quot;jet_parallax_layout_image_tablet&quot;:{&quot;url&quot;:&quot;&quot;,&quot;id&quot;:&quot;&quot;,&quot;size&quot;:&quot;&quot;},&quot;jet_parallax_layout_image_mobile&quot;:{&quot;url&quot;:&quot;&quot;,&quot;id&quot;:&quot;&quot;,&quot;size&quot;:&quot;&quot;},&quot;jet_parallax_layout_speed&quot;:{&quot;unit&quot;:&quot;%&quot;,&quot;size&quot;:50,&quot;sizes&quot;:[]},&quot;jet_parallax_layout_type&quot;:&quot;scroll&quot;,&quot;jet_parallax_layout_direction&quot;:&quot;1&quot;,&quot;jet_parallax_layout_fx_direction&quot;:null,&quot;jet_parallax_layout_z_index&quot;:&quot;&quot;,&quot;jet_parallax_layout_bg_x&quot;:50,&quot;jet_parallax_layout_bg_x_tablet&quot;:&quot;&quot;,&quot;jet_parallax_layout_bg_x_mobile&quot;:&quot;&quot;,&quot;jet_parallax_layout_bg_y&quot;:50,&quot;jet_parallax_layout_bg_y_tablet&quot;:&quot;&quot;,&quot;jet_parallax_layout_bg_y_mobile&quot;:&quot;&quot;,&quot;jet_parallax_layout_bg_size&quot;:&quot;auto&quot;,&quot;jet_parallax_layout_bg_size_tablet&quot;:&quot;&quot;,&quot;jet_parallax_layout_bg_size_mobile&quot;:&quot;&quot;,&quot;jet_parallax_layout_animation_prop&quot;:&quot;transform&quot;,&quot;jet_parallax_layout_on&quot;:[&quot;desktop&quot;,&quot;tablet&quot;]}]}\">\n\t\t\t\t\t\t<div class=\"elementor-container elementor-column-gap-default\">\n\t\t\t\t\t<div class=\"elementor-column elementor-col-100 elementor-top-column elementor-element elementor-element-353c4ced\" data-id=\"353c4ced\" data-element_type=\"column\" data-e-type=\"column\">\n\t\t\t<div class=\"elementor-widget-wrap elementor-element-populated\">\n\t\t\t\t\t\t<div class=\"elementor-element elementor-element-16a8440 elementor-widget elementor-widget-text-editor\" data-id=\"16a8440\" data-element_type=\"widget\" data-e-type=\"widget\" data-widget_type=\"text-editor.default\">\n\t\t\t\t<div class=\"elementor-widget-container\">\n\t\t\t\t\t\t\t\t\t\n<h2>Informaci\u00f3n al usuario<\/h2>\n\n\n\n<p>Como<strong> BYKO Proyectos y Gesti\u00f3n S.L.<\/strong>, somos los responsables del tratamiento de tus datos personales como Usuario y te informamos que estos datos ser\u00e1n tratados de conformidad con lo dispuesto en el Reglamento (UE) 2016\/679 de 27 de abril de 2016 (GDPR) relativo a la protecci\u00f3n de las personas f\u00edsicas en cuanto al tratamiento de datos personales y a la libre circulaci\u00f3n de estos datos,  de manera que se te facilita la siguiente informaci\u00f3n del tratamiento:<\/p>\n\n\n\n<h2>Qu\u00e9 datos personales recogemos y por qu\u00e9 los recogemos<\/h2>\n\n\n\n<h3>Comentarios<\/h3>\n<p>Cuando, como visitante, dejes comentarios en la web, recopilamos los datos que se muestran en el formulario de comentarios, as\u00ed como la direcci\u00f3n IP del visitante y la cadena de agentes de usuario del navegador para ayudar a la detecci\u00f3n de spam.<\/p>\n<p>Una cadena an\u00f3nima creada a partir de tu direcci\u00f3n de correo electr\u00f3nico (tambi\u00e9n llamada hash) puede ser proporcionada al servicio de Gravatar para ver si la est\u00e1s usando. La pol\u00edtica de privacidad del servicio Gravatar est\u00e1 disponible aqu\u00ed: https:\/\/automattic.com\/privacy\/. Tras la aprobaci\u00f3n de tu comentario, la imagen de tu perfil es visible por el p\u00fablico en el contexto de tu comentario.<\/p>\n\n\n\n\n\n<h3>Medios<\/h3>\n\n\n\n<p>Si subes im\u00e1genes a la web deber\u00edas evitar subir im\u00e1genes con datos de ubicaci\u00f3n (GPS EXIF) incluidos. Los visitantes de la web pod\u00e9is descargar y extraer cualquier dato de localizaci\u00f3n de las im\u00e1genes de la web.<\/p>\n\n\n\n<h3>Formularios de contacto<\/h3>\n<p>Como Usuario, mediante el marcaje de las casillas correspondientes y la entrada de datos en los campos, marcados con un estadr\u00f3n (*) en el formulario de contacto o presentados en formularios de descarga, aceptas expresamente y de forma libre e inequ\u00edvoca, que tus datos son necesarios para atender tu petici\u00f3n, por parte del prestador, siendo voluntaria la inclusi\u00f3n de datos en los campos restantes. Como Usuario garantizas que los datos personales facilitados al RESPONSABLE son ciertos y te haces responsable de comunicar cualquier modificaci\u00f3n de las mismas.<\/p>\n<p>Como RESPONSABLE, te informamos y garantizamos expresamente que tus datos personales, como Usuario, no ser\u00e1n cedidos en ning\u00fan caso a terceros, y que si tuvieras que realizar alg\u00fan tipo de cesi\u00f3n de datos personales, se te pedir\u00eda previamente el consentimiento expreso, informado e inequ\u00edvoco por tu parte, como Usuario. Todos los datos solicitados a trav\u00e9s del sitio web son obligatorios, ya que son necesarios para presentar un servicio \u00f3ptimo como Usuario. En caso de que no sean facilitados todos los datos, no se garantiza que la informaci\u00f3n y servicios facilitados sean completamente ajustados a tus necesidades.<\/p>\n<p>Los datos introducidos en el formulario se conservar\u00e1n mientras haya un inter\u00e9s mutuo por mantener el fin del tratamiento y, cuando ya no sea necesario para tal fin, se suprimir\u00e1n con medidas de seguridad adecuadas para garantizar la seudonimizaci\u00f3n de los datos o la destrucci\u00f3n total de los mismos.<\/p>\n\n\n\n\n\n<h3>Contenido incrustado de otros sitios web<\/h3>\n<p>Los art\u00edculos de este sitio pueden incluir contenido incrustado (por ejemplo, v\u00eddeos, im\u00e1genes, art\u00edculos, etc.). El contenido incrustado de otras web se comporta exactamente de la misma manera que si el visitante hubiera visitado la otra web.<\/p>\n<p>Estas web pueden recopilar datos sobre ti, utilizar cookies, incrustar un seguimiento adicional de terceros, y supervisar tu interacci\u00f3n con este contenido incrustado, incluido el seguimiento de tu interacci\u00f3n con el contenido incrustado si tienes una cuenta y est\u00e1s conectado a esta web.<br> <br><br><\/p>\n\n\n\n\n\n<h3>Anal\u00edtica<\/h3>\n\n\n\n<h2>Con qui\u00e9n compartimos tus datos<\/h2>\n<p>  No se comunicar\u00e1n los datos a terceros, excepto obligaci\u00f3n legal.<\/p>\n\n\n\n<h2>Cuando de tiempo conservamos tus datos<\/h2>\n<p>Si dejas un comentario, el comentario y sus metadatos se conservan indefinidamente. Esto es para que podamos reconocer y aprobar comentarios sucesivos autom\u00e1ticamente en lugar de mantenerlos en una cola de moderaci\u00f3n.<\/p>\n<p>De los usuarios que se registran en nuestra web (si los hay), tambi\u00e9n almacenamos la informaci\u00f3n personal que proporcionan en su perfil de usuario. Todos los usuarios pueden ver, editar o eliminar su informaci\u00f3n personal en cualquier momento (excepto que no pueden cambiar su nombre de usuario). Los administradores de la web tambi\u00e9n pueden ver y editar esta informaci\u00f3n.<br> <\/p>\n\n\n\n\n\n<h2>Qu\u00e9 derechos tienes sobre tus datos<\/h2>\n\n\n\n<p>Si tienes una cuenta o has dejado comentarios en esta web, puedes pedir recibir un archivo de exportaci\u00f3n de los datos personales que tenemos sobre ti, incluyendo cualquier dato que nos hayas proporcionado. Tambi\u00e9n puedes pedir que eliminemos cualquier dato personal que tengamos sobre ti. Esto no incluye ning\u00fan dato que estemos obligados a conservar con fines administrativos, legales o de seguridad.<\/p>\n<h3><strong>Datos de contacto para ejercer sus derechos<\/strong><\/h3>\n<p>Direcci\u00f3n postal: BYKO PROJECTES I GESTI\u00d3, S.L. C\/ EUGENIO CALDER\u00d3N, 14 &#8211; 08490 TORDERA (BARCELONA). Correo electr\u00f3nico: <span class=\"elementor-icon-list-text\">gestio@byko.es<\/span><\/p>\n\n\n\n<h2>Donde enviamos tus datos<\/h2>\n\n\n\n<p>Los comentarios de los visitantes puede ser que les revise un servicio de detecci\u00f3n autom\u00e1tica de spam.<\/p>\n\n\n\n\n\n<h2>Informaci\u00f3n adicional<\/h2>\n\n\n\n<h3>C\u00f3mo protegemos tus datos<\/h3>\n<p> <br>Declaramos que, de conformidad con lo dispuesto en las normativas vigentes en protecci\u00f3n de datos personales, el RESPONSABLE est\u00e1 cumpliendo con todas las disposiciones de las normativas GDPR para el tratamiento de los datos personales de su responsabilidad, y manifiestamente con los principios descritos en el art\u00edculo 5 del GDPR, por los que son tratados de manera l\u00edcita,  leal y transparente en relaci\u00f3n con el interesado y adecuadas, pertinentes y limitados a lo necesario en relaci\u00f3n con los fines para los que son tratados.<\/p>\n<p><br>El RESPONSABLE garantiza que ha implementado pol\u00edticas t\u00e9cnicas y organizativas apropiadas para aplicar las medidas de seguridad que establecen el GDPR con el fin de proteger los derechos y libertades de los Usuarios y les ha comunicado la informaci\u00f3n adecuada para que puedan ejercerlos.<\/p>\n\n\n\t\t\t\t\t\t\t\t<\/div>\n\t\t\t\t<\/div>\n\t\t\t\t\t<\/div>\n\t\t<\/div>\n\t\t\t\t\t<\/div>\n\t\t<\/section>\n\t\t\t\t<\/div>\n\t\t","protected":false},"excerpt":{"rendered":"<p>Informaci\u00f3n al usuario Como BYKO Proyectos y Gesti\u00f3n S.L., somos los responsables del tratamiento de tus datos personales como Usuario y te informamos que estos datos ser\u00e1n tratados de conformidad con lo dispuesto en el Reglamento (UE) 2016\/679 de 27 de abril de 2016 (GDPR) relativo a la protecci\u00f3n de las personas f\u00edsicas en cuanto [&hellip;]<\/p>\n","protected":false},"author":1,"featured_media":0,"parent":0,"menu_order":0,"comment_status":"closed","ping_status":"closed","template":"elementor_header_footer","meta":{"_acf_changed":false,"footnotes":""},"class_list":["post-2711","page","type-page","status-publish","hentry"],"acf":[],"yoast_head":"<!-- This site is optimized with the Yoast SEO plugin v27.1.1 - https:\/\/yoast.com\/product\/yoast-seo-wordpress\/ -->\n<title>Pol\u00edtica de privacidad . Project Management &#8211; BYKO<\/title>\n<meta name=\"description\" content=\"BYKO Proyectos y Gesti\u00f3n S.L., somos los responsables del tratamiento de tus datos personales. Reglamento (UE) 2016\/679 de 27 de abril de 2016 (GDPR).\" \/>\n<meta name=\"robots\" content=\"index, follow, max-snippet:-1, max-image-preview:large, max-video-preview:-1\" \/>\n<link rel=\"canonical\" href=\"https:\/\/www.byko.es\/es\/politica-de-privacidad\/\" \/>\n<meta property=\"og:locale\" content=\"es_ES\" \/>\n<meta property=\"og:type\" content=\"article\" \/>\n<meta property=\"og:title\" content=\"Pol\u00edtica de privacidad . Project Management &#8211; BYKO\" \/>\n<meta property=\"og:description\" content=\"BYKO Proyectos y Gesti\u00f3n S.L., somos los responsables del tratamiento de tus datos personales. Reglamento (UE) 2016\/679 de 27 de abril de 2016 (GDPR).\" \/>\n<meta property=\"og:url\" content=\"https:\/\/www.byko.es\/es\/politica-de-privacidad\/\" \/>\n<meta property=\"og:site_name\" content=\"BYKO\" \/>\n<meta property=\"article:publisher\" content=\"https:\/\/www.facebook.com\/bykoprojects\" \/>\n<meta property=\"article:modified_time\" content=\"2024-06-17T13:28:49+00:00\" \/>\n<meta property=\"og:image\" content=\"https:\/\/www.byko.es\/wp-content\/uploads\/2021\/03\/Logo_1_baseline.jpg\" \/>\n\t<meta property=\"og:image:width\" content=\"2240\" \/>\n\t<meta property=\"og:image:height\" content=\"1414\" \/>\n\t<meta property=\"og:image:type\" content=\"image\/jpeg\" \/>\n<meta name=\"twitter:card\" content=\"summary_large_image\" \/>\n<meta name=\"twitter:label1\" content=\"Tiempo de lectura\" \/>\n\t<meta name=\"twitter:data1\" content=\"5 minutos\" \/>\n<script type=\"application\/ld+json\" class=\"yoast-schema-graph\">{\"@context\":\"https:\/\/schema.org\",\"@graph\":[{\"@type\":\"WebPage\",\"@id\":\"https:\/\/www.byko.es\/es\/politica-de-privacidad\/\",\"url\":\"https:\/\/www.byko.es\/es\/politica-de-privacidad\/\",\"name\":\"Pol\u00edtica de privacidad . Project Management &#8211; BYKO\",\"isPartOf\":{\"@id\":\"https:\/\/www.byko.es\/es\/#website\"},\"datePublished\":\"2019-09-09T09:26:01+00:00\",\"dateModified\":\"2024-06-17T13:28:49+00:00\",\"description\":\"BYKO Proyectos y Gesti\u00f3n S.L., somos los responsables del tratamiento de tus datos personales. Reglamento (UE) 2016\/679 de 27 de abril de 2016 (GDPR).\",\"breadcrumb\":{\"@id\":\"https:\/\/www.byko.es\/es\/politica-de-privacidad\/#breadcrumb\"},\"inLanguage\":\"es\",\"potentialAction\":[{\"@type\":\"ReadAction\",\"target\":[\"https:\/\/www.byko.es\/es\/politica-de-privacidad\/\"]}]},{\"@type\":\"BreadcrumbList\",\"@id\":\"https:\/\/www.byko.es\/es\/politica-de-privacidad\/#breadcrumb\",\"itemListElement\":[{\"@type\":\"ListItem\",\"position\":1,\"name\":\"Portada\",\"item\":\"https:\/\/www.byko.es\/es\/inicio\/\"},{\"@type\":\"ListItem\",\"position\":2,\"name\":\"Pol\u00edtica de privacidad\"}]},{\"@type\":\"WebSite\",\"@id\":\"https:\/\/www.byko.es\/es\/#website\",\"url\":\"https:\/\/www.byko.es\/es\/\",\"name\":\"BYKO\",\"description\":\"Sustainable Project &amp; Construction Management\",\"publisher\":{\"@id\":\"https:\/\/www.byko.es\/es\/#organization\"},\"potentialAction\":[{\"@type\":\"SearchAction\",\"target\":{\"@type\":\"EntryPoint\",\"urlTemplate\":\"https:\/\/www.byko.es\/es\/?s={search_term_string}\"},\"query-input\":{\"@type\":\"PropertyValueSpecification\",\"valueRequired\":true,\"valueName\":\"search_term_string\"}}],\"inLanguage\":\"es\"},{\"@type\":\"Organization\",\"@id\":\"https:\/\/www.byko.es\/es\/#organization\",\"name\":\"BYKO\",\"url\":\"https:\/\/www.byko.es\/es\/\",\"logo\":{\"@type\":\"ImageObject\",\"inLanguage\":\"es\",\"@id\":\"https:\/\/www.byko.es\/es\/#\/schema\/logo\/image\/\",\"url\":\"https:\/\/www.byko.es\/wp-content\/uploads\/2021\/03\/Logo_1_baseline.jpg\",\"contentUrl\":\"https:\/\/www.byko.es\/wp-content\/uploads\/2021\/03\/Logo_1_baseline.jpg\",\"width\":2240,\"height\":1414,\"caption\":\"BYKO\"},\"image\":{\"@id\":\"https:\/\/www.byko.es\/es\/#\/schema\/logo\/image\/\"},\"sameAs\":[\"https:\/\/www.facebook.com\/bykoprojects\",\"https:\/\/www.instagram.com\/bykoprojects\/\",\"https:\/\/www.linkedin.com\/company\/byko-despacho-de-arquitectura\/\",\"https:\/\/www.youtube.com\/channel\/UCX2C2VsvUz8YKfZhUd3oGgA\"]}]}<\/script>\n<!-- \/ Yoast SEO plugin. -->","yoast_head_json":{"title":"Pol\u00edtica de privacidad . Project Management &#8211; BYKO","description":"BYKO Proyectos y Gesti\u00f3n S.L., somos los responsables del tratamiento de tus datos personales. Reglamento (UE) 2016\/679 de 27 de abril de 2016 (GDPR).","robots":{"index":"index","follow":"follow","max-snippet":"max-snippet:-1","max-image-preview":"max-image-preview:large","max-video-preview":"max-video-preview:-1"},"canonical":"https:\/\/www.byko.es\/es\/politica-de-privacidad\/","og_locale":"es_ES","og_type":"article","og_title":"Pol\u00edtica de privacidad . Project Management &#8211; BYKO","og_description":"BYKO Proyectos y Gesti\u00f3n S.L., somos los responsables del tratamiento de tus datos personales. Reglamento (UE) 2016\/679 de 27 de abril de 2016 (GDPR).","og_url":"https:\/\/www.byko.es\/es\/politica-de-privacidad\/","og_site_name":"BYKO","article_publisher":"https:\/\/www.facebook.com\/bykoprojects","article_modified_time":"2024-06-17T13:28:49+00:00","og_image":[{"width":2240,"height":1414,"url":"https:\/\/www.byko.es\/wp-content\/uploads\/2021\/03\/Logo_1_baseline.jpg","type":"image\/jpeg"}],"twitter_card":"summary_large_image","twitter_misc":{"Tiempo de lectura":"5 minutos"},"schema":{"@context":"https:\/\/schema.org","@graph":[{"@type":"WebPage","@id":"https:\/\/www.byko.es\/es\/politica-de-privacidad\/","url":"https:\/\/www.byko.es\/es\/politica-de-privacidad\/","name":"Pol\u00edtica de privacidad . Project Management &#8211; BYKO","isPartOf":{"@id":"https:\/\/www.byko.es\/es\/#website"},"datePublished":"2019-09-09T09:26:01+00:00","dateModified":"2024-06-17T13:28:49+00:00","description":"BYKO Proyectos y Gesti\u00f3n S.L., somos los responsables del tratamiento de tus datos personales. Reglamento (UE) 2016\/679 de 27 de abril de 2016 (GDPR).","breadcrumb":{"@id":"https:\/\/www.byko.es\/es\/politica-de-privacidad\/#breadcrumb"},"inLanguage":"es","potentialAction":[{"@type":"ReadAction","target":["https:\/\/www.byko.es\/es\/politica-de-privacidad\/"]}]},{"@type":"BreadcrumbList","@id":"https:\/\/www.byko.es\/es\/politica-de-privacidad\/#breadcrumb","itemListElement":[{"@type":"ListItem","position":1,"name":"Portada","item":"https:\/\/www.byko.es\/es\/inicio\/"},{"@type":"ListItem","position":2,"name":"Pol\u00edtica de privacidad"}]},{"@type":"WebSite","@id":"https:\/\/www.byko.es\/es\/#website","url":"https:\/\/www.byko.es\/es\/","name":"BYKO","description":"Sustainable Project &amp; Construction Management","publisher":{"@id":"https:\/\/www.byko.es\/es\/#organization"},"potentialAction":[{"@type":"SearchAction","target":{"@type":"EntryPoint","urlTemplate":"https:\/\/www.byko.es\/es\/?s={search_term_string}"},"query-input":{"@type":"PropertyValueSpecification","valueRequired":true,"valueName":"search_term_string"}}],"inLanguage":"es"},{"@type":"Organization","@id":"https:\/\/www.byko.es\/es\/#organization","name":"BYKO","url":"https:\/\/www.byko.es\/es\/","logo":{"@type":"ImageObject","inLanguage":"es","@id":"https:\/\/www.byko.es\/es\/#\/schema\/logo\/image\/","url":"https:\/\/www.byko.es\/wp-content\/uploads\/2021\/03\/Logo_1_baseline.jpg","contentUrl":"https:\/\/www.byko.es\/wp-content\/uploads\/2021\/03\/Logo_1_baseline.jpg","width":2240,"height":1414,"caption":"BYKO"},"image":{"@id":"https:\/\/www.byko.es\/es\/#\/schema\/logo\/image\/"},"sameAs":["https:\/\/www.facebook.com\/bykoprojects","https:\/\/www.instagram.com\/bykoprojects\/","https:\/\/www.linkedin.com\/company\/byko-despacho-de-arquitectura\/","https:\/\/www.youtube.com\/channel\/UCX2C2VsvUz8YKfZhUd3oGgA"]}]}},"_links":{"self":[{"href":"https:\/\/www.byko.es\/es\/wp-json\/wp\/v2\/pages\/2711","targetHints":{"allow":["GET"]}}],"collection":[{"href":"https:\/\/www.byko.es\/es\/wp-json\/wp\/v2\/pages"}],"about":[{"href":"https:\/\/www.byko.es\/es\/wp-json\/wp\/v2\/types\/page"}],"author":[{"embeddable":true,"href":"https:\/\/www.byko.es\/es\/wp-json\/wp\/v2\/users\/1"}],"replies":[{"embeddable":true,"href":"https:\/\/www.byko.es\/es\/wp-json\/wp\/v2\/comments?post=2711"}],"version-history":[{"count":0,"href":"https:\/\/www.byko.es\/es\/wp-json\/wp\/v2\/pages\/2711\/revisions"}],"wp:attachment":[{"href":"https:\/\/www.byko.es\/es\/wp-json\/wp\/v2\/media?parent=2711"}],"curies":[{"name":"wp","href":"https:\/\/api.w.org\/{rel}","templated":true}]}}