{"id":4493,"date":"2024-06-17T14:48:21","date_gmt":"2024-06-17T12:48:21","guid":{"rendered":"https:\/\/www.byko.es\/promociones\/"},"modified":"2026-03-10T19:55:35","modified_gmt":"2026-03-10T18:55:35","slug":"promociones","status":"publish","type":"page","link":"https:\/\/www.byko.es\/es\/promociones\/","title":{"rendered":"PROMOCIONES"},"content":{"rendered":"\t\t<div data-elementor-type=\"wp-page\" data-elementor-id=\"4493\" class=\"elementor elementor-4493 elementor-4461\" data-elementor-post-type=\"page\">\n\t\t\t\t\t\t<section class=\"elementor-section elementor-top-section elementor-element elementor-element-6044c83 elementor-section-content-middle elementor-section-boxed elementor-section-height-default elementor-section-height-default\" data-id=\"6044c83\" data-element_type=\"section\" data-e-type=\"section\" data-settings=\"{&quot;background_background&quot;:&quot;classic&quot;,&quot;jet_parallax_layout_list&quot;:[{&quot;jet_parallax_layout_image&quot;:{&quot;url&quot;:&quot;&quot;,&quot;id&quot;:&quot;&quot;,&quot;size&quot;:&quot;&quot;},&quot;_id&quot;:&quot;384c6b3&quot;,&quot;jet_parallax_layout_image_tablet&quot;:{&quot;url&quot;:&quot;&quot;,&quot;id&quot;:&quot;&quot;,&quot;size&quot;:&quot;&quot;},&quot;jet_parallax_layout_image_mobile&quot;:{&quot;url&quot;:&quot;&quot;,&quot;id&quot;:&quot;&quot;,&quot;size&quot;:&quot;&quot;},&quot;jet_parallax_layout_speed&quot;:{&quot;unit&quot;:&quot;%&quot;,&quot;size&quot;:50,&quot;sizes&quot;:[]},&quot;jet_parallax_layout_type&quot;:&quot;scroll&quot;,&quot;jet_parallax_layout_direction&quot;:&quot;1&quot;,&quot;jet_parallax_layout_fx_direction&quot;:null,&quot;jet_parallax_layout_z_index&quot;:&quot;&quot;,&quot;jet_parallax_layout_bg_x&quot;:50,&quot;jet_parallax_layout_bg_x_tablet&quot;:&quot;&quot;,&quot;jet_parallax_layout_bg_x_mobile&quot;:&quot;&quot;,&quot;jet_parallax_layout_bg_y&quot;:50,&quot;jet_parallax_layout_bg_y_tablet&quot;:&quot;&quot;,&quot;jet_parallax_layout_bg_y_mobile&quot;:&quot;&quot;,&quot;jet_parallax_layout_bg_size&quot;:&quot;auto&quot;,&quot;jet_parallax_layout_bg_size_tablet&quot;:&quot;&quot;,&quot;jet_parallax_layout_bg_size_mobile&quot;:&quot;&quot;,&quot;jet_parallax_layout_animation_prop&quot;:&quot;transform&quot;,&quot;jet_parallax_layout_on&quot;:[&quot;desktop&quot;,&quot;tablet&quot;]}]}\">\n\t\t\t\t\t\t\t<div class=\"elementor-background-overlay\"><\/div>\n\t\t\t\t\t\t\t<div class=\"elementor-container elementor-column-gap-no\">\n\t\t\t\t\t<div class=\"elementor-column elementor-col-100 elementor-top-column elementor-element elementor-element-4eab92b\" data-id=\"4eab92b\" data-element_type=\"column\" data-e-type=\"column\">\n\t\t\t<div class=\"elementor-widget-wrap elementor-element-populated\">\n\t\t\t\t\t\t\t<\/div>\n\t\t<\/div>\n\t\t\t\t\t<\/div>\n\t\t<\/section>\n\t\t\t\t<section class=\"elementor-section elementor-top-section elementor-element elementor-element-7f4cafc elementor-section-boxed elementor-section-height-default elementor-section-height-default\" data-id=\"7f4cafc\" data-element_type=\"section\" data-e-type=\"section\" data-settings=\"{&quot;background_background&quot;:&quot;classic&quot;,&quot;jet_parallax_layout_list&quot;:[{&quot;jet_parallax_layout_image&quot;:{&quot;url&quot;:&quot;&quot;,&quot;id&quot;:&quot;&quot;,&quot;size&quot;:&quot;&quot;},&quot;_id&quot;:&quot;bd99308&quot;,&quot;jet_parallax_layout_image_tablet&quot;:{&quot;url&quot;:&quot;&quot;,&quot;id&quot;:&quot;&quot;,&quot;size&quot;:&quot;&quot;},&quot;jet_parallax_layout_image_mobile&quot;:{&quot;url&quot;:&quot;&quot;,&quot;id&quot;:&quot;&quot;,&quot;size&quot;:&quot;&quot;},&quot;jet_parallax_layout_speed&quot;:{&quot;unit&quot;:&quot;%&quot;,&quot;size&quot;:50,&quot;sizes&quot;:[]},&quot;jet_parallax_layout_type&quot;:&quot;scroll&quot;,&quot;jet_parallax_layout_direction&quot;:&quot;1&quot;,&quot;jet_parallax_layout_fx_direction&quot;:null,&quot;jet_parallax_layout_z_index&quot;:&quot;&quot;,&quot;jet_parallax_layout_bg_x&quot;:50,&quot;jet_parallax_layout_bg_x_tablet&quot;:&quot;&quot;,&quot;jet_parallax_layout_bg_x_mobile&quot;:&quot;&quot;,&quot;jet_parallax_layout_bg_y&quot;:50,&quot;jet_parallax_layout_bg_y_tablet&quot;:&quot;&quot;,&quot;jet_parallax_layout_bg_y_mobile&quot;:&quot;&quot;,&quot;jet_parallax_layout_bg_size&quot;:&quot;auto&quot;,&quot;jet_parallax_layout_bg_size_tablet&quot;:&quot;&quot;,&quot;jet_parallax_layout_bg_size_mobile&quot;:&quot;&quot;,&quot;jet_parallax_layout_animation_prop&quot;:&quot;transform&quot;,&quot;jet_parallax_layout_on&quot;:[&quot;desktop&quot;,&quot;tablet&quot;]}]}\">\n\t\t\t\t\t\t<div class=\"elementor-container elementor-column-gap-default\">\n\t\t\t\t\t<div class=\"elementor-column elementor-col-100 elementor-top-column elementor-element elementor-element-09aa93c\" data-id=\"09aa93c\" data-element_type=\"column\" data-e-type=\"column\">\n\t\t\t<div class=\"elementor-widget-wrap elementor-element-populated\">\n\t\t\t\t\t\t<div class=\"elementor-element elementor-element-bea3839 elementor-widget elementor-widget-heading\" data-id=\"bea3839\" data-element_type=\"widget\" data-e-type=\"widget\" data-widget_type=\"heading.default\">\n\t\t\t\t<div class=\"elementor-widget-container\">\n\t\t\t\t\t<h4 class=\"elementor-heading-title elementor-size-large\">Promociones de Byko en venta<\/h4>\t\t\t\t<\/div>\n\t\t\t\t<\/div>\n\t\t\t\t<div class=\"elementor-element elementor-element-d6a42c6 elementor-grid-3 elementor-grid-tablet-2 elementor-grid-mobile-1 elementor-widget elementor-widget-loop-grid\" data-id=\"d6a42c6\" data-element_type=\"widget\" data-e-type=\"widget\" data-settings=\"{&quot;template_id&quot;:4757,&quot;_skin&quot;:&quot;post&quot;,&quot;columns&quot;:&quot;3&quot;,&quot;columns_tablet&quot;:&quot;2&quot;,&quot;columns_mobile&quot;:&quot;1&quot;,&quot;edit_handle_selector&quot;:&quot;[data-elementor-type=\\&quot;loop-item\\&quot;]&quot;,&quot;row_gap&quot;:{&quot;unit&quot;:&quot;px&quot;,&quot;size&quot;:&quot;&quot;,&quot;sizes&quot;:[]},&quot;row_gap_tablet&quot;:{&quot;unit&quot;:&quot;px&quot;,&quot;size&quot;:&quot;&quot;,&quot;sizes&quot;:[]},&quot;row_gap_mobile&quot;:{&quot;unit&quot;:&quot;px&quot;,&quot;size&quot;:&quot;&quot;,&quot;sizes&quot;:[]}}\" data-widget_type=\"loop-grid.post\">\n\t\t\t\t<div class=\"elementor-widget-container\">\n\t\t\t\t\t\t\t<div class=\"elementor-loop-container elementor-grid\" role=\"list\">\n\t\t<style id=\"loop-dynamic-4757\">.e-loop-item-4622 .elementor-element.elementor-element-4783229:not(.elementor-motion-effects-element-type-background), .e-loop-item-4622 .elementor-element.elementor-element-4783229 > .elementor-motion-effects-container > .elementor-motion-effects-layer{background-image:url(\"https:\/\/www.byko.es\/wp-content\/uploads\/2024\/05\/Enscape_2024-01-17-10-04-46_2.jpg\");}<\/style><style id=\"loop-4757\">.elementor-4757 .elementor-element.elementor-element-4783229{--display:flex;--min-height:320px;--flex-direction:column;--container-widget-width:calc( ( 1 - var( --container-widget-flex-grow ) ) * 100% );--container-widget-height:initial;--container-widget-flex-grow:0;--container-widget-align-self:initial;--flex-wrap-mobile:wrap;--justify-content:center;--align-items:center;--gap:10px 10px;--row-gap:10px;--column-gap:10px;--overlay-opacity:0;}.elementor-4757 .elementor-element.elementor-element-4783229:not(.elementor-motion-effects-element-type-background), .elementor-4757 .elementor-element.elementor-element-4783229 > .elementor-motion-effects-container > .elementor-motion-effects-layer{background-position:center center;background-repeat:no-repeat;background-size:cover;}.elementor-4757 .elementor-element.elementor-element-4783229::before, .elementor-4757 .elementor-element.elementor-element-4783229 > .elementor-background-video-container::before, .elementor-4757 .elementor-element.elementor-element-4783229 > .e-con-inner > .elementor-background-video-container::before, .elementor-4757 .elementor-element.elementor-element-4783229 > .elementor-background-slideshow::before, .elementor-4757 .elementor-element.elementor-element-4783229 > .e-con-inner > .elementor-background-slideshow::before, .elementor-4757 .elementor-element.elementor-element-4783229 > .elementor-motion-effects-container > .elementor-motion-effects-layer::before{--background-overlay:'';background-color:#99C10F00;}.elementor-4757 .elementor-element.elementor-element-4783229:hover::before, .elementor-4757 .elementor-element.elementor-element-4783229:hover > .elementor-background-video-container::before, .elementor-4757 .elementor-element.elementor-element-4783229:hover > .e-con-inner > .elementor-background-video-container::before, .elementor-4757 .elementor-element.elementor-element-4783229 > .elementor-background-slideshow:hover::before, .elementor-4757 .elementor-element.elementor-element-4783229 > .e-con-inner > .elementor-background-slideshow:hover::before{--background-overlay:'';background-color:var( --e-global-color-accent );}.elementor-4757 .elementor-element.elementor-element-4783229:hover{--overlay-opacity:0.75;}.elementor-4757 .elementor-element.elementor-element-4783229, .elementor-4757 .elementor-element.elementor-element-4783229::before{--overlay-transition:0.3s;}.elementor-widget-heading .elementor-heading-title{font-family:var( --e-global-typography-primary-font-family ), Sans-serif;font-weight:var( --e-global-typography-primary-font-weight );color:var( --e-global-color-primary );}.elementor-4757 .elementor-element.elementor-element-31849f4{text-align:center;width:auto;max-width:auto;top:20px;}.elementor-4757 .elementor-element.elementor-element-31849f4 .elementor-heading-title{font-family:\"Montserrat\", Sans-serif;font-size:13px;font-weight:600;color:var( --e-global-color-4aa2259 );}.elementor-4757 .elementor-element.elementor-element-31849f4 > .elementor-widget-container{padding:5px 10px 5px 10px;background-color:#C70000;border-radius:5px 0px 0px 5px;}body:not(.rtl) .elementor-4757 .elementor-element.elementor-element-31849f4{right:0px;}body.rtl .elementor-4757 .elementor-element.elementor-element-31849f4{left:0px;}.elementor-widget-theme-post-title .elementor-heading-title{font-family:var( --e-global-typography-primary-font-family ), Sans-serif;font-weight:var( --e-global-typography-primary-font-weight );color:var( --e-global-color-primary );}.elementor-4757 .elementor-element.elementor-element-b5916a8{text-align:center;}.elementor-4757 .elementor-element.elementor-element-b5916a8 .elementor-heading-title{font-family:\"Montserrat\", Sans-serif;font-size:20px;font-weight:700;color:var( --e-global-color-4aa2259 );}.elementor-4757 .elementor-element.elementor-element-b5916a8 .elementor-heading-title a:hover, .elementor-4757 .elementor-element.elementor-element-b5916a8 .elementor-heading-title a:focus{color:var( --e-global-color-4aa2259 );}@media(max-width:1024px){.elementor-4757 .elementor-element.elementor-element-4783229{--min-height:280px;}}@media(max-width:767px){.elementor-4757 .elementor-element.elementor-element-4783229{--min-height:250px;}}<\/style>\t\t<div data-elementor-type=\"loop-item\" data-elementor-id=\"4757\" class=\"elementor elementor-4757 elementor-4740 e-loop-item e-loop-item-4622 post-4622 cpt-promotions type-cpt-promotions status-publish has-post-thumbnail hentry\" data-elementor-post-type=\"elementor_library\" data-custom-edit-handle=\"1\">\n\t\t\t<a class=\"elementor-element elementor-element-4783229 e-con-full e-flex e-con e-parent\" data-id=\"4783229\" data-element_type=\"container\" data-e-type=\"container\" data-settings=\"{&quot;jet_parallax_layout_list&quot;:[],&quot;background_background&quot;:&quot;classic&quot;}\" href=\"https:\/\/www.byko.es\/es\/promocions\/promocion-guifre-el-pilos\/\">\n\t\t\t\t<div class=\"elementor-element elementor-element-31849f4 elementor-widget__width-auto elementor-absolute elementor-widget elementor-widget-heading\" data-id=\"31849f4\" data-element_type=\"widget\" data-e-type=\"widget\" data-settings=\"{&quot;_position&quot;:&quot;absolute&quot;}\" data-widget_type=\"heading.default\">\n\t\t\t\t<div class=\"elementor-widget-container\">\n\t\t\t\t\t<span class=\"elementor-heading-title elementor-size-default\">\u00a1VIVIENDA VENDIDA!<\/span>\t\t\t\t<\/div>\n\t\t\t\t<\/div>\n\t\t\t\t<div class=\"elementor-element elementor-element-b5916a8 elementor-widget elementor-widget-theme-post-title elementor-page-title elementor-widget-heading\" data-id=\"b5916a8\" data-element_type=\"widget\" data-e-type=\"widget\" data-widget_type=\"theme-post-title.default\">\n\t\t\t\t<div class=\"elementor-widget-container\">\n\t\t\t\t\t<h3 class=\"elementor-heading-title elementor-size-default\">Promoci\u00f3n Guifr\u00e9 el Pil\u00f3s<\/h3>\t\t\t\t<\/div>\n\t\t\t\t<\/div>\n\t\t\t\t<\/a>\n\t\t\t\t<\/div>\n\t\t\t\t<\/div>\n\t\t\n\t\t\t\t\t\t<\/div>\n\t\t\t\t<\/div>\n\t\t\t\t\t<\/div>\n\t\t<\/div>\n\t\t\t\t\t<\/div>\n\t\t<\/section>\n\t\t\t\t<section class=\"elementor-section elementor-top-section elementor-element elementor-element-5af52b4 elementor-section-content-top elementor-section-boxed elementor-section-height-default elementor-section-height-default\" data-id=\"5af52b4\" data-element_type=\"section\" data-e-type=\"section\" data-settings=\"{&quot;background_background&quot;:&quot;classic&quot;,&quot;jet_parallax_layout_list&quot;:[{&quot;jet_parallax_layout_image&quot;:{&quot;url&quot;:&quot;&quot;,&quot;id&quot;:&quot;&quot;,&quot;size&quot;:&quot;&quot;},&quot;_id&quot;:&quot;ff85acd&quot;,&quot;jet_parallax_layout_image_tablet&quot;:{&quot;url&quot;:&quot;&quot;,&quot;id&quot;:&quot;&quot;,&quot;size&quot;:&quot;&quot;},&quot;jet_parallax_layout_image_mobile&quot;:{&quot;url&quot;:&quot;&quot;,&quot;id&quot;:&quot;&quot;,&quot;size&quot;:&quot;&quot;},&quot;jet_parallax_layout_speed&quot;:{&quot;unit&quot;:&quot;%&quot;,&quot;size&quot;:50,&quot;sizes&quot;:[]},&quot;jet_parallax_layout_type&quot;:&quot;scroll&quot;,&quot;jet_parallax_layout_direction&quot;:&quot;1&quot;,&quot;jet_parallax_layout_fx_direction&quot;:null,&quot;jet_parallax_layout_z_index&quot;:&quot;&quot;,&quot;jet_parallax_layout_bg_x&quot;:50,&quot;jet_parallax_layout_bg_x_tablet&quot;:&quot;&quot;,&quot;jet_parallax_layout_bg_x_mobile&quot;:&quot;&quot;,&quot;jet_parallax_layout_bg_y&quot;:50,&quot;jet_parallax_layout_bg_y_tablet&quot;:&quot;&quot;,&quot;jet_parallax_layout_bg_y_mobile&quot;:&quot;&quot;,&quot;jet_parallax_layout_bg_size&quot;:&quot;auto&quot;,&quot;jet_parallax_layout_bg_size_tablet&quot;:&quot;&quot;,&quot;jet_parallax_layout_bg_size_mobile&quot;:&quot;&quot;,&quot;jet_parallax_layout_animation_prop&quot;:&quot;transform&quot;,&quot;jet_parallax_layout_on&quot;:[&quot;desktop&quot;,&quot;tablet&quot;]}]}\">\n\t\t\t\t\t\t\t<div class=\"elementor-background-overlay\"><\/div>\n\t\t\t\t\t\t\t<div class=\"elementor-container elementor-column-gap-no\">\n\t\t\t\t\t<div class=\"elementor-column elementor-col-100 elementor-top-column elementor-element elementor-element-0c2b22d\" data-id=\"0c2b22d\" data-element_type=\"column\" data-e-type=\"column\">\n\t\t\t<div class=\"elementor-widget-wrap elementor-element-populated\">\n\t\t\t\t\t\t<div class=\"elementor-element elementor-element-56e16ef elementor-align-center elementor-widget elementor-widget-button\" data-id=\"56e16ef\" data-element_type=\"widget\" data-e-type=\"widget\" data-widget_type=\"button.default\">\n\t\t\t\t<div class=\"elementor-widget-container\">\n\t\t\t\t\t\t\t\t\t<div class=\"elementor-button-wrapper\">\n\t\t\t\t\t<a class=\"elementor-button elementor-button-link elementor-size-lg elementor-animation-grow\" href=\"https:\/\/www.byko.es\/es\/contacto\/\">\n\t\t\t\t\t\t<span class=\"elementor-button-content-wrapper\">\n\t\t\t\t\t\t\t\t\t<span class=\"elementor-button-text\">CONT\u00c1CTANOS<\/span>\n\t\t\t\t\t<\/span>\n\t\t\t\t\t<\/a>\n\t\t\t\t<\/div>\n\t\t\t\t\t\t\t\t<\/div>\n\t\t\t\t<\/div>\n\t\t\t\t\t<\/div>\n\t\t<\/div>\n\t\t\t\t\t<\/div>\n\t\t<\/section>\n\t\t\t\t<\/div>\n\t\t","protected":false},"excerpt":{"rendered":"<p>Promociones de Byko en venta CONT\u00c1CTANOS<\/p>\n","protected":false},"author":1,"featured_media":0,"parent":0,"menu_order":0,"comment_status":"closed","ping_status":"closed","template":"","meta":{"_acf_changed":false,"footnotes":""},"class_list":["post-4493","page","type-page","status-publish","hentry"],"acf":[],"yoast_head":"<!-- This site is optimized with the Yoast SEO plugin v27.1.1 - https:\/\/yoast.com\/product\/yoast-seo-wordpress\/ -->\n<title>PROMOCIONES &#8211; BYKO<\/title>\n<meta name=\"description\" content=\"Promociones y viviendas de obra nueva por Byko, expertos en Passivhaus.\" \/>\n<meta name=\"robots\" content=\"index, follow, max-snippet:-1, max-image-preview:large, max-video-preview:-1\" \/>\n<link rel=\"canonical\" href=\"https:\/\/www.byko.es\/es\/promociones\/\" \/>\n<meta property=\"og:locale\" content=\"es_ES\" \/>\n<meta property=\"og:type\" content=\"article\" \/>\n<meta property=\"og:title\" content=\"PROMOCIONES &#8211; BYKO\" \/>\n<meta property=\"og:description\" content=\"Promociones y viviendas de obra nueva por Byko, expertos en Passivhaus.\" \/>\n<meta property=\"og:url\" content=\"https:\/\/www.byko.es\/es\/promociones\/\" \/>\n<meta property=\"og:site_name\" content=\"BYKO\" \/>\n<meta property=\"article:publisher\" content=\"https:\/\/www.facebook.com\/bykoprojects\" \/>\n<meta property=\"article:modified_time\" content=\"2026-03-10T18:55:35+00:00\" \/>\n<meta property=\"og:image\" content=\"https:\/\/www.byko.es\/wp-content\/uploads\/2021\/03\/Logo_1_baseline.jpg\" \/>\n\t<meta property=\"og:image:width\" content=\"2240\" \/>\n\t<meta property=\"og:image:height\" content=\"1414\" \/>\n\t<meta property=\"og:image:type\" content=\"image\/jpeg\" \/>\n<meta name=\"twitter:card\" content=\"summary_large_image\" \/>\n<script type=\"application\/ld+json\" class=\"yoast-schema-graph\">{\"@context\":\"https:\/\/schema.org\",\"@graph\":[{\"@type\":\"WebPage\",\"@id\":\"https:\/\/www.byko.es\/es\/promociones\/\",\"url\":\"https:\/\/www.byko.es\/es\/promociones\/\",\"name\":\"PROMOCIONES &#8211; BYKO\",\"isPartOf\":{\"@id\":\"https:\/\/www.byko.es\/es\/#website\"},\"datePublished\":\"2024-06-17T12:48:21+00:00\",\"dateModified\":\"2026-03-10T18:55:35+00:00\",\"description\":\"Promociones y viviendas de obra nueva por Byko, expertos en Passivhaus.\",\"breadcrumb\":{\"@id\":\"https:\/\/www.byko.es\/es\/promociones\/#breadcrumb\"},\"inLanguage\":\"es\",\"potentialAction\":[{\"@type\":\"ReadAction\",\"target\":[\"https:\/\/www.byko.es\/es\/promociones\/\"]}]},{\"@type\":\"BreadcrumbList\",\"@id\":\"https:\/\/www.byko.es\/es\/promociones\/#breadcrumb\",\"itemListElement\":[{\"@type\":\"ListItem\",\"position\":1,\"name\":\"Portada\",\"item\":\"https:\/\/www.byko.es\/es\/inicio\/\"},{\"@type\":\"ListItem\",\"position\":2,\"name\":\"PROMOCIONES\"}]},{\"@type\":\"WebSite\",\"@id\":\"https:\/\/www.byko.es\/es\/#website\",\"url\":\"https:\/\/www.byko.es\/es\/\",\"name\":\"BYKO\",\"description\":\"Sustainable Project &amp; Construction Management\",\"publisher\":{\"@id\":\"https:\/\/www.byko.es\/es\/#organization\"},\"potentialAction\":[{\"@type\":\"SearchAction\",\"target\":{\"@type\":\"EntryPoint\",\"urlTemplate\":\"https:\/\/www.byko.es\/es\/?s={search_term_string}\"},\"query-input\":{\"@type\":\"PropertyValueSpecification\",\"valueRequired\":true,\"valueName\":\"search_term_string\"}}],\"inLanguage\":\"es\"},{\"@type\":\"Organization\",\"@id\":\"https:\/\/www.byko.es\/es\/#organization\",\"name\":\"BYKO\",\"url\":\"https:\/\/www.byko.es\/es\/\",\"logo\":{\"@type\":\"ImageObject\",\"inLanguage\":\"es\",\"@id\":\"https:\/\/www.byko.es\/es\/#\/schema\/logo\/image\/\",\"url\":\"https:\/\/www.byko.es\/wp-content\/uploads\/2021\/03\/Logo_1_baseline.jpg\",\"contentUrl\":\"https:\/\/www.byko.es\/wp-content\/uploads\/2021\/03\/Logo_1_baseline.jpg\",\"width\":2240,\"height\":1414,\"caption\":\"BYKO\"},\"image\":{\"@id\":\"https:\/\/www.byko.es\/es\/#\/schema\/logo\/image\/\"},\"sameAs\":[\"https:\/\/www.facebook.com\/bykoprojects\",\"https:\/\/www.instagram.com\/bykoprojects\/\",\"https:\/\/www.linkedin.com\/company\/byko-despacho-de-arquitectura\/\",\"https:\/\/www.youtube.com\/channel\/UCX2C2VsvUz8YKfZhUd3oGgA\"]}]}<\/script>\n<!-- \/ Yoast SEO plugin. -->","yoast_head_json":{"title":"PROMOCIONES &#8211; BYKO","description":"Promociones y viviendas de obra nueva por Byko, expertos en Passivhaus.","robots":{"index":"index","follow":"follow","max-snippet":"max-snippet:-1","max-image-preview":"max-image-preview:large","max-video-preview":"max-video-preview:-1"},"canonical":"https:\/\/www.byko.es\/es\/promociones\/","og_locale":"es_ES","og_type":"article","og_title":"PROMOCIONES &#8211; BYKO","og_description":"Promociones y viviendas de obra nueva por Byko, expertos en Passivhaus.","og_url":"https:\/\/www.byko.es\/es\/promociones\/","og_site_name":"BYKO","article_publisher":"https:\/\/www.facebook.com\/bykoprojects","article_modified_time":"2026-03-10T18:55:35+00:00","og_image":[{"width":2240,"height":1414,"url":"https:\/\/www.byko.es\/wp-content\/uploads\/2021\/03\/Logo_1_baseline.jpg","type":"image\/jpeg"}],"twitter_card":"summary_large_image","schema":{"@context":"https:\/\/schema.org","@graph":[{"@type":"WebPage","@id":"https:\/\/www.byko.es\/es\/promociones\/","url":"https:\/\/www.byko.es\/es\/promociones\/","name":"PROMOCIONES &#8211; BYKO","isPartOf":{"@id":"https:\/\/www.byko.es\/es\/#website"},"datePublished":"2024-06-17T12:48:21+00:00","dateModified":"2026-03-10T18:55:35+00:00","description":"Promociones y viviendas de obra nueva por Byko, expertos en Passivhaus.","breadcrumb":{"@id":"https:\/\/www.byko.es\/es\/promociones\/#breadcrumb"},"inLanguage":"es","potentialAction":[{"@type":"ReadAction","target":["https:\/\/www.byko.es\/es\/promociones\/"]}]},{"@type":"BreadcrumbList","@id":"https:\/\/www.byko.es\/es\/promociones\/#breadcrumb","itemListElement":[{"@type":"ListItem","position":1,"name":"Portada","item":"https:\/\/www.byko.es\/es\/inicio\/"},{"@type":"ListItem","position":2,"name":"PROMOCIONES"}]},{"@type":"WebSite","@id":"https:\/\/www.byko.es\/es\/#website","url":"https:\/\/www.byko.es\/es\/","name":"BYKO","description":"Sustainable Project &amp; Construction Management","publisher":{"@id":"https:\/\/www.byko.es\/es\/#organization"},"potentialAction":[{"@type":"SearchAction","target":{"@type":"EntryPoint","urlTemplate":"https:\/\/www.byko.es\/es\/?s={search_term_string}"},"query-input":{"@type":"PropertyValueSpecification","valueRequired":true,"valueName":"search_term_string"}}],"inLanguage":"es"},{"@type":"Organization","@id":"https:\/\/www.byko.es\/es\/#organization","name":"BYKO","url":"https:\/\/www.byko.es\/es\/","logo":{"@type":"ImageObject","inLanguage":"es","@id":"https:\/\/www.byko.es\/es\/#\/schema\/logo\/image\/","url":"https:\/\/www.byko.es\/wp-content\/uploads\/2021\/03\/Logo_1_baseline.jpg","contentUrl":"https:\/\/www.byko.es\/wp-content\/uploads\/2021\/03\/Logo_1_baseline.jpg","width":2240,"height":1414,"caption":"BYKO"},"image":{"@id":"https:\/\/www.byko.es\/es\/#\/schema\/logo\/image\/"},"sameAs":["https:\/\/www.facebook.com\/bykoprojects","https:\/\/www.instagram.com\/bykoprojects\/","https:\/\/www.linkedin.com\/company\/byko-despacho-de-arquitectura\/","https:\/\/www.youtube.com\/channel\/UCX2C2VsvUz8YKfZhUd3oGgA"]}]}},"_links":{"self":[{"href":"https:\/\/www.byko.es\/es\/wp-json\/wp\/v2\/pages\/4493","targetHints":{"allow":["GET"]}}],"collection":[{"href":"https:\/\/www.byko.es\/es\/wp-json\/wp\/v2\/pages"}],"about":[{"href":"https:\/\/www.byko.es\/es\/wp-json\/wp\/v2\/types\/page"}],"author":[{"embeddable":true,"href":"https:\/\/www.byko.es\/es\/wp-json\/wp\/v2\/users\/1"}],"replies":[{"embeddable":true,"href":"https:\/\/www.byko.es\/es\/wp-json\/wp\/v2\/comments?post=4493"}],"version-history":[{"count":0,"href":"https:\/\/www.byko.es\/es\/wp-json\/wp\/v2\/pages\/4493\/revisions"}],"wp:attachment":[{"href":"https:\/\/www.byko.es\/es\/wp-json\/wp\/v2\/media?parent=4493"}],"curies":[{"name":"wp","href":"https:\/\/api.w.org\/{rel}","templated":true}]}}